{"id":477,"date":"2026-01-07T15:08:17","date_gmt":"2026-01-07T14:08:17","guid":{"rendered":"https:\/\/transport.przedprojekt.com.pl\/?page_id=477"},"modified":"2026-01-12T08:45:23","modified_gmt":"2026-01-12T07:45:23","slug":"kontakt","status":"publish","type":"page","link":"https:\/\/transport.przedprojekt.com.pl\/de\/kontakt\/","title":{"rendered":"Kontakt"},"content":{"rendered":"<div data-elementor-type=\"wp-page\" data-elementor-id=\"477\" class=\"elementor elementor-477\" data-elementor-post-type=\"page\">\n\t\t\t\t<div class=\"elementor-element elementor-element-20afa17 e-con-full e-flex elementor-invisible e-con e-parent\" data-id=\"20afa17\" data-element_type=\"container\" data-settings=\"{&quot;animation&quot;:&quot;fadeIn&quot;}\">\n\t\t<div class=\"elementor-element elementor-element-890329e e-flex e-con-boxed e-con e-child\" data-id=\"890329e\" data-element_type=\"container\">\n\t\t\t\t\t<div class=\"e-con-inner\">\n\t\t<div class=\"elementor-element elementor-element-28ed309 e-con-full e-flex e-con e-child\" data-id=\"28ed309\" data-element_type=\"container\">\n\t\t\t\t<div class=\"elementor-element elementor-element-5994383 elementor-widget elementor-widget-heading\" data-id=\"5994383\" data-element_type=\"widget\" data-widget_type=\"heading.default\">\n\t\t\t\t\t<h1 class=\"elementor-heading-title elementor-size-default\">Skontaktuj si\u0119 z nami<\/h1>\t\t\t\t<\/div>\n\t\t\t\t<div class=\"elementor-element elementor-element-b52ea53 elementor-widget__width-initial elementor-widget elementor-widget-text-editor\" data-id=\"b52ea53\" data-element_type=\"widget\" data-widget_type=\"text-editor.default\">\n\t\t\t\t\t\t\t\t\t<p>Od lat pomagamy w bezpiecznym i godnym sprowadzeniu os\u00f3b zmar\u0142ych do miejsca wiecznego spoczynku. Doskonale rozumiemy, jak wiele emocji towarzyszy takim sytuacjom, dlatego przejmujemy na siebie wszystkie formalno\u015bci, umo\u017cliwiaj\u0105c rodzinom skupienie si\u0119 na po\u017cegnaniu bliskiej osoby.<\/p>\t\t\t\t\t\t\t\t<\/div>\n\t\t\t\t<\/div>\n\t\t\t\t\t<\/div>\n\t\t\t\t<\/div>\n\t\t\t\t<\/div>\n\t\t<div class=\"elementor-element elementor-element-b01862d e-flex e-con-boxed e-con e-parent\" data-id=\"b01862d\" data-element_type=\"container\" data-settings=\"{&quot;background_background&quot;:&quot;classic&quot;}\">\n\t\t\t\t\t<div class=\"e-con-inner\">\n\t\t<div class=\"elementor-element elementor-element-9a36a91 e-con-full e-flex e-con e-child\" data-id=\"9a36a91\" data-element_type=\"container\">\n\t\t\t\t<div class=\"elementor-element elementor-element-8b86da1 elementor-widget elementor-widget-heading\" data-id=\"8b86da1\" data-element_type=\"widget\" data-widget_type=\"heading.default\">\n\t\t\t\t\t<h2 class=\"elementor-heading-title elementor-size-default\">Nasze biuro<\/h2>\t\t\t\t<\/div>\n\t\t\t\t<div class=\"elementor-element elementor-element-e957d32 elementor-widget elementor-widget-text-editor\" data-id=\"e957d32\" data-element_type=\"widget\" data-widget_type=\"text-editor.default\">\n\t\t\t\t\t\t\t\t\t<p>Nasze biuro to miejsce, w kt\u00f3rym z szacunkiem, empati\u0105 i pe\u0142nym zaanga\u017cowaniem wspieramy rodziny w najtrudniejszych chwilach.<\/p>\t\t\t\t\t\t\t\t<\/div>\n\t\t\t\t<div class=\"elementor-element elementor-element-8650fc2 elementor-widget elementor-widget-text-editor\" data-id=\"8650fc2\" data-element_type=\"widget\" data-widget_type=\"text-editor.default\">\n\t\t\t\t\t\t\t\t\t<p>NIP: 6922547810<br \/>KRS: 0001211786<br \/>Regon: 543501983<\/p>\t\t\t\t\t\t\t\t<\/div>\n\t\t\t\t<\/div>\n\t\t<div class=\"elementor-element elementor-element-61d1443 e-con-full e-flex e-con e-child\" data-id=\"61d1443\" data-element_type=\"container\">\n\t\t\t\t<div class=\"elementor-element elementor-element-9f4bbfa elementor-widget elementor-widget-heading\" data-id=\"9f4bbfa\" data-element_type=\"widget\" data-widget_type=\"heading.default\">\n\t\t\t\t\t<h2 class=\"elementor-heading-title elementor-size-default\">Telefony<\/h2>\t\t\t\t<\/div>\n\t\t\t\t<div class=\"elementor-element elementor-element-28177a7 elementor-view-stacked elementor-position-inline-start elementor-mobile-position-inline-start elementor-shape-circle elementor-widget elementor-widget-icon-box\" data-id=\"28177a7\" data-element_type=\"widget\" data-widget_type=\"icon-box.default\">\n\t\t\t\t\t\t\t<div class=\"elementor-icon-box-wrapper\">\n\n\t\t\t\t\t\t<div class=\"elementor-icon-box-icon\">\n\t\t\t\t<a href=\"tel:+49%20160%2091444440\" class=\"elementor-icon\" tabindex=\"-1\" aria-label=\"+49 160 91444440\">\n\t\t\t\t<svg aria-hidden=\"true\" class=\"e-font-icon-svg e-fas-phone-alt\" viewbox=\"0 0 512 512\" xmlns=\"http:\/\/www.w3.org\/2000\/svg\"><path d=\"M497.39 361.8l-112-48a24 24 0 0 0-28 6.9l-49.6 60.6A370.66 370.66 0 0 1 130.6 204.11l60.6-49.6a23.94 23.94 0 0 0 6.9-28l-48-112A24.16 24.16 0 0 0 122.6.61l-104 24A24 24 0 0 0 0 48c0 256.5 207.9 464 464 464a24 24 0 0 0 23.4-18.6l24-104a24.29 24.29 0 0 0-14.01-27.6z\"><\/path><\/svg>\t\t\t\t<\/a>\n\t\t\t<\/div>\n\t\t\t\n\t\t\t\t\t\t<div class=\"elementor-icon-box-content\">\n\n\t\t\t\t\t\t\t\t\t<h3 class=\"elementor-icon-box-title\">\n\t\t\t\t\t\t<a href=\"tel:+49%20160%2091444440\" >\n\t\t\t\t\t\t\t+49 160 91444440\t\t\t\t\t\t<\/a>\n\t\t\t\t\t<\/h3>\n\t\t\t\t\n\t\t\t\t\n\t\t\t<\/div>\n\t\t\t\n\t\t<\/div>\n\t\t\t\t\t\t<\/div>\n\t\t\t\t<div class=\"elementor-element elementor-element-3377908 elementor-view-stacked elementor-position-inline-start elementor-mobile-position-inline-start elementor-shape-circle elementor-widget elementor-widget-icon-box\" data-id=\"3377908\" data-element_type=\"widget\" data-widget_type=\"icon-box.default\">\n\t\t\t\t\t\t\t<div class=\"elementor-icon-box-wrapper\">\n\n\t\t\t\t\t\t<div class=\"elementor-icon-box-icon\">\n\t\t\t\t<a href=\"tel:+48%20511%20625%20029\" class=\"elementor-icon\" tabindex=\"-1\" aria-label=\"+48 511 625 029\">\n\t\t\t\t<svg aria-hidden=\"true\" class=\"e-font-icon-svg e-fas-phone-alt\" viewbox=\"0 0 512 512\" xmlns=\"http:\/\/www.w3.org\/2000\/svg\"><path d=\"M497.39 361.8l-112-48a24 24 0 0 0-28 6.9l-49.6 60.6A370.66 370.66 0 0 1 130.6 204.11l60.6-49.6a23.94 23.94 0 0 0 6.9-28l-48-112A24.16 24.16 0 0 0 122.6.61l-104 24A24 24 0 0 0 0 48c0 256.5 207.9 464 464 464a24 24 0 0 0 23.4-18.6l24-104a24.29 24.29 0 0 0-14.01-27.6z\"><\/path><\/svg>\t\t\t\t<\/a>\n\t\t\t<\/div>\n\t\t\t\n\t\t\t\t\t\t<div class=\"elementor-icon-box-content\">\n\n\t\t\t\t\t\t\t\t\t<h3 class=\"elementor-icon-box-title\">\n\t\t\t\t\t\t<a href=\"tel:+48%20511%20625%20029\" >\n\t\t\t\t\t\t\t+48 511 625 029\t\t\t\t\t\t<\/a>\n\t\t\t\t\t<\/h3>\n\t\t\t\t\n\t\t\t\t\n\t\t\t<\/div>\n\t\t\t\n\t\t<\/div>\n\t\t\t\t\t\t<\/div>\n\t\t\t\t<div class=\"elementor-element elementor-element-b58ee9d elementor-view-stacked elementor-position-inline-start elementor-mobile-position-inline-start elementor-shape-circle elementor-widget elementor-widget-icon-box\" data-id=\"b58ee9d\" data-element_type=\"widget\" data-widget_type=\"icon-box.default\">\n\t\t\t\t\t\t\t<div class=\"elementor-icon-box-wrapper\">\n\n\t\t\t\t\t\t<div class=\"elementor-icon-box-icon\">\n\t\t\t\t<a href=\"mailto:biuro@furstceremonial.com\" class=\"elementor-icon\" tabindex=\"-1\" aria-label=\"biuro@furstceremonial.com\">\n\t\t\t\t<svg aria-hidden=\"true\" class=\"e-font-icon-svg e-far-envelope\" viewbox=\"0 0 512 512\" xmlns=\"http:\/\/www.w3.org\/2000\/svg\"><path d=\"M464 64H48C21.49 64 0 85.49 0 112v288c0 26.51 21.49 48 48 48h416c26.51 0 48-21.49 48-48V112c0-26.51-21.49-48-48-48zm0 48v40.805c-22.422 18.259-58.168 46.651-134.587 106.49-16.841 13.247-50.201 45.072-73.413 44.701-23.208.375-56.579-31.459-73.413-44.701C106.18 199.465 70.425 171.067 48 152.805V112h416zM48 400V214.398c22.914 18.251 55.409 43.862 104.938 82.646 21.857 17.205 60.134 55.186 103.062 54.955 42.717.231 80.509-37.199 103.053-54.947 49.528-38.783 82.032-64.401 104.947-82.653V400H48z\"><\/path><\/svg>\t\t\t\t<\/a>\n\t\t\t<\/div>\n\t\t\t\n\t\t\t\t\t\t<div class=\"elementor-icon-box-content\">\n\n\t\t\t\t\t\t\t\t\t<h3 class=\"elementor-icon-box-title\">\n\t\t\t\t\t\t<a href=\"mailto:biuro@furstceremonial.com\" >\n\t\t\t\t\t\t\tbiuro@furstceremonial.com\t\t\t\t\t\t<\/a>\n\t\t\t\t\t<\/h3>\n\t\t\t\t\n\t\t\t\t\n\t\t\t<\/div>\n\t\t\t\n\t\t<\/div>\n\t\t\t\t\t\t<\/div>\n\t\t\t\t<\/div>\n\t\t\t\t\t<\/div>\n\t\t\t\t<\/div>\n\t\t<div class=\"elementor-element elementor-element-60dbcf6 e-flex e-con-boxed e-con e-parent\" data-id=\"60dbcf6\" data-element_type=\"container\">\n\t\t\t\t\t<div class=\"e-con-inner\">\n\t\t<div class=\"elementor-element elementor-element-d428982 e-con-full e-flex e-con e-child\" data-id=\"d428982\" data-element_type=\"container\">\n\t\t\t\t<div class=\"elementor-element elementor-element-6a1dadb elementor-widget elementor-widget-image\" data-id=\"6a1dadb\" data-element_type=\"widget\" data-widget_type=\"image.default\">\n\t\t\t\t\t\t\t\t\t\t\t\t\t\t\t<img fetchpriority=\"high\" decoding=\"async\" width=\"800\" height=\"457\" src=\"https:\/\/transport.przedprojekt.com.pl\/wp-content\/uploads\/2025\/12\/AdobeStock_1743005434-1024x585.jpeg\" class=\"attachment-large size-large wp-image-66\" alt=\"\" srcset=\"https:\/\/transport.przedprojekt.com.pl\/wp-content\/uploads\/2025\/12\/AdobeStock_1743005434-1024x585.jpeg 1024w, https:\/\/transport.przedprojekt.com.pl\/wp-content\/uploads\/2025\/12\/AdobeStock_1743005434-300x171.jpeg 300w, https:\/\/transport.przedprojekt.com.pl\/wp-content\/uploads\/2025\/12\/AdobeStock_1743005434-768x439.jpeg 768w, https:\/\/transport.przedprojekt.com.pl\/wp-content\/uploads\/2025\/12\/AdobeStock_1743005434-1536x878.jpeg 1536w, https:\/\/transport.przedprojekt.com.pl\/wp-content\/uploads\/2025\/12\/AdobeStock_1743005434-800x457.jpeg 800w, https:\/\/transport.przedprojekt.com.pl\/wp-content\/uploads\/2025\/12\/AdobeStock_1743005434.jpeg 1920w\" sizes=\"(max-width: 800px) 100vw, 800px\" \/>\t\t\t\t\t\t\t\t\t\t\t\t\t\t\t<\/div>\n\t\t\t\t<\/div>\n\t\t<div class=\"elementor-element elementor-element-b721221 e-con-full e-flex e-con e-child\" data-id=\"b721221\" data-element_type=\"container\">\n\t\t\t\t<div class=\"elementor-element elementor-element-4c3d2ee elementor-widget elementor-widget-heading\" data-id=\"4c3d2ee\" data-element_type=\"widget\" data-widget_type=\"heading.default\">\n\t\t\t\t\t<h2 class=\"elementor-heading-title elementor-size-default\">Napisz do nas<\/h2>\t\t\t\t<\/div>\n\t\t\t\t<div class=\"elementor-element elementor-element-e016ea7 elementor-button-align-stretch elementor-widget elementor-widget-form\" data-id=\"e016ea7\" data-element_type=\"widget\" data-settings=\"{&quot;step_next_label&quot;:&quot;Next&quot;,&quot;step_previous_label&quot;:&quot;Previous&quot;,&quot;button_width&quot;:&quot;100&quot;,&quot;step_type&quot;:&quot;number_text&quot;,&quot;step_icon_shape&quot;:&quot;circle&quot;}\" data-widget_type=\"form.default\">\n\t\t\t\t\t\t\t<form class=\"elementor-form\" method=\"post\" name=\"New Form\" aria-label=\"New Form\" action=\"\">\n\t\t\t<input type=\"hidden\" name=\"post_id\" value=\"477\"\/>\n\t\t\t<input type=\"hidden\" name=\"form_id\" value=\"e016ea7\"\/>\n\t\t\t<input type=\"hidden\" name=\"referer_title\" value=\"Kontakt\" \/>\n\n\t\t\t\t\t\t\t<input type=\"hidden\" name=\"queried_id\" value=\"477\"\/>\n\t\t\t\n\t\t\t<div class=\"elementor-form-fields-wrapper elementor-labels-\">\n\t\t\t\t\t\t\t\t<div class=\"elementor-field-type-text elementor-field-group elementor-column elementor-field-group-name elementor-col-100 elementor-field-required\">\n\t\t\t\t\t\t\t\t\t\t\t\t<label for=\"form-field-name\" class=\"elementor-field-label elementor-screen-only\">\n\t\t\t\t\t\t\t\tImi\u0119 i nazwisko\t\t\t\t\t\t\t<\/label>\n\t\t\t\t\t\t\t\t\t\t\t\t\t\t<input size=\"1\" type=\"text\" name=\"form_fields[name]\" id=\"form-field-name\" class=\"elementor-field elementor-size-sm  elementor-field-textual\" placeholder=\"Imi\u0119 i nazwisko\" required=\"required\">\n\t\t\t\t\t\t\t\t\t\t\t<\/div>\n\t\t\t\t\t\t\t\t<div class=\"elementor-field-type-email elementor-field-group elementor-column elementor-field-group-email elementor-col-100 elementor-field-required\">\n\t\t\t\t\t\t\t\t\t\t\t\t<label for=\"form-field-email\" class=\"elementor-field-label elementor-screen-only\">\n\t\t\t\t\t\t\t\tAdres e-mail\t\t\t\t\t\t\t<\/label>\n\t\t\t\t\t\t\t\t\t\t\t\t\t\t<input size=\"1\" type=\"email\" name=\"form_fields[email]\" id=\"form-field-email\" class=\"elementor-field elementor-size-sm  elementor-field-textual\" placeholder=\"Adres e-mail\" required=\"required\">\n\t\t\t\t\t\t\t\t\t\t\t<\/div>\n\t\t\t\t\t\t\t\t<div class=\"elementor-field-type-tel elementor-field-group elementor-column elementor-field-group-message elementor-col-100 elementor-field-required\">\n\t\t\t\t\t\t\t\t\t\t\t\t<label for=\"form-field-message\" class=\"elementor-field-label elementor-screen-only\">\n\t\t\t\t\t\t\t\tNumer telefonu\t\t\t\t\t\t\t<\/label>\n\t\t\t\t\t\t\t\t<input size=\"1\" type=\"tel\" name=\"form_fields[message]\" id=\"form-field-message\" class=\"elementor-field elementor-size-sm  elementor-field-textual\" placeholder=\"Numer telefonu\" required=\"required\" pattern=\"[0-9()#&amp;+*-=.]+\" title=\"Only numbers and phone characters (#, -, *, etc) are accepted.\">\n\n\t\t\t\t\t\t<\/div>\n\t\t\t\t\t\t\t\t<div class=\"elementor-field-type-textarea elementor-field-group elementor-column elementor-field-group-field_cac0aee elementor-col-100\">\n\t\t\t\t\t\t\t\t\t\t\t\t<label for=\"form-field-field_cac0aee\" class=\"elementor-field-label elementor-screen-only\">\n\t\t\t\t\t\t\t\tWiadomo\u015b\u0107\t\t\t\t\t\t\t<\/label>\n\t\t\t\t\t\t<textarea class=\"elementor-field-textual elementor-field  elementor-size-sm\" name=\"form_fields[field_cac0aee]\" id=\"form-field-field_cac0aee\" rows=\"4\" placeholder=\"Wiadomo\u015b\u0107\"><\/textarea>\t\t\t\t<\/div>\n\t\t\t\t\t\t\t\t<div class=\"elementor-field-type-acceptance elementor-field-group elementor-column elementor-field-group-field_99a7e87 elementor-col-100 elementor-field-required\">\n\t\t\t\t\t\t\t\t\t\t\t\t<label for=\"form-field-field_99a7e87\" class=\"elementor-field-label elementor-screen-only\">\n\t\t\t\t\t\t\t\tZgoda 1\t\t\t\t\t\t\t<\/label>\n\t\t\t\t\t\t\t\t<div class=\"elementor-field-subgroup\">\n\t\t\t<span class=\"elementor-field-option\">\n\t\t\t\t<input type=\"checkbox\" name=\"form_fields[field_99a7e87]\" id=\"form-field-field_99a7e87\" class=\"elementor-field elementor-size-sm  elementor-acceptance-field\" required=\"required\">\n\t\t\t\t<label for=\"form-field-field_99a7e87\">Wyra\u017cam zgod\u0119 na przetwarzanie moich danych osobowych, kt\u00f3re poda\u0142em\/am w formularzu w celu nawi\u0105zania ze mn\u0105 kontaktu telefonicznego lub mailowego, odpowiedzi na zadane pytania, przedstawienia oferty i prezentacji us\u0142ug przez Administratora, osoby dzia\u0142aj\u0105ce z upowa\u017cnienia Administratora lub przez podmioty przetwarzaj\u0105ce na podstawie umowy zawartej z Administratorem.<\/label>\t\t\t<\/span>\n\t\t<\/div>\n\t\t\t\t\t\t<\/div>\n\t\t\t\t\t\t\t\t<div class=\"elementor-field-type-acceptance elementor-field-group elementor-column elementor-field-group-field_e974352 elementor-col-100 elementor-field-required\">\n\t\t\t\t\t\t\t\t\t\t\t\t<label for=\"form-field-field_e974352\" class=\"elementor-field-label elementor-screen-only\">\n\t\t\t\t\t\t\t\tZgoda 2\t\t\t\t\t\t\t<\/label>\n\t\t\t\t\t\t\t\t<div class=\"elementor-field-subgroup\">\n\t\t\t<span class=\"elementor-field-option\">\n\t\t\t\t<input type=\"checkbox\" name=\"form_fields[field_e974352]\" id=\"form-field-field_e974352\" class=\"elementor-field elementor-size-sm  elementor-acceptance-field\" required=\"required\">\n\t\t\t\t<label for=\"form-field-field_e974352\">Przyjmuj\u0119 do wiadomo\u015bci, \u017ce:\n\u2028- Administratorem moich danych osobowych jest Firma Furst Ceremonial.\n\u2028- Przys\u0142uguje mi prawo dost\u0119pu, sprostowania, poprawienia, aktualizacji, przenoszenia, ograniczenia przetwarzania i usuni\u0119cia danych i cofni\u0119cia w ka\u017cdym momencie zgody na przetwarzanie danych.\n\u2028- Dane zostan\u0105 usuni\u0119te przez Administratora najp\u00f3\u017aniej w ci\u0105gu 1 miesi\u0105ca od daty, w kt\u00f3rej stan\u0105 si\u0119 one zb\u0119dne do cel\u00f3w, w jakich zosta\u0142y zgromadzone, b\u0105d\u017a niezw\u0142ocznie po otrzymaniu \u017c\u0105dania.\n\u2028- Przys\u0142uguje mi prawo z\u0142o\u017cenia sprzeciwu wobec przetwarzania danych osobowych oraz skargi do organu nadzoru.\u2028\n\u2028- Podstaw\u0105 prawn\u0105 przetwarzania moich danych jest art. 6 ust. 1 lit \u201ea\u201d i \u201eb\u201d rozporz\u0105dzenia Parlamentu Europejskiego i Rady (UE) 2016\/679 z 27 kwietnia 2016 roku (RODO).\u2028\n\u2028- Podanie danych osobowych jest dobrowolne, ale brak ich podania uniemo\u017cliwia nawi\u0105zanie kontaktu.<\/label>\t\t\t<\/span>\n\t\t<\/div>\n\t\t\t\t\t\t<\/div>\n\t\t\t\t\t\t\t\t<div class=\"elementor-field-group elementor-column elementor-field-type-submit elementor-col-100 e-form__buttons\">\n\t\t\t\t\t<button class=\"elementor-button elementor-size-sm\" type=\"submit\">\n\t\t\t\t\t\t<span class=\"elementor-button-content-wrapper\">\n\t\t\t\t\t\t\t\t\t\t\t\t\t\t\t\t\t\t\t\t\t\t<span class=\"elementor-button-text\">Wy\u015blij wiadomo\u015b\u0107<\/span>\n\t\t\t\t\t\t\t\t\t\t\t\t\t<\/span>\n\t\t\t\t\t<\/button>\n\t\t\t\t<\/div>\n\t\t\t<\/div>\n\t\t<input type=\"hidden\" name=\"trp-form-language\" value=\"de\"\/><\/form>\n\t\t\t\t\t\t<\/div>\n\t\t\t\t<\/div>\n\t\t\t\t\t<\/div>\n\t\t\t\t<\/div>\n\t\t\t\t<\/div>","protected":false},"excerpt":{"rendered":"<p>Skontaktuj si\u0119 z nami Od lat pomagamy w bezpiecznym i godnym sprowadzeniu os\u00f3b zmar\u0142ych do miejsca wiecznego spoczynku. Doskonale rozumiemy, jak wiele emocji towarzyszy takim sytuacjom, dlatego przejmujemy na siebie wszystkie formalno\u015bci, umo\u017cliwiaj\u0105c rodzinom skupienie si\u0119 na po\u017cegnaniu bliskiej osoby. Nasze biuro Nasze biuro to miejsce, w kt\u00f3rym z szacunkiem, empati\u0105 i pe\u0142nym zaanga\u017cowaniem wspieramy [&hellip;]<\/p>","protected":false},"author":1,"featured_media":0,"parent":0,"menu_order":0,"comment_status":"closed","ping_status":"closed","template":"","meta":{"footnotes":""},"class_list":["post-477","page","type-page","status-publish","hentry"],"_links":{"self":[{"href":"https:\/\/transport.przedprojekt.com.pl\/de\/wp-json\/wp\/v2\/pages\/477","targetHints":{"allow":["GET"]}}],"collection":[{"href":"https:\/\/transport.przedprojekt.com.pl\/de\/wp-json\/wp\/v2\/pages"}],"about":[{"href":"https:\/\/transport.przedprojekt.com.pl\/de\/wp-json\/wp\/v2\/types\/page"}],"author":[{"embeddable":true,"href":"https:\/\/transport.przedprojekt.com.pl\/de\/wp-json\/wp\/v2\/users\/1"}],"replies":[{"embeddable":true,"href":"https:\/\/transport.przedprojekt.com.pl\/de\/wp-json\/wp\/v2\/comments?post=477"}],"version-history":[{"count":31,"href":"https:\/\/transport.przedprojekt.com.pl\/de\/wp-json\/wp\/v2\/pages\/477\/revisions"}],"predecessor-version":[{"id":585,"href":"https:\/\/transport.przedprojekt.com.pl\/de\/wp-json\/wp\/v2\/pages\/477\/revisions\/585"}],"wp:attachment":[{"href":"https:\/\/transport.przedprojekt.com.pl\/de\/wp-json\/wp\/v2\/media?parent=477"}],"curies":[{"name":"wp","href":"https:\/\/api.w.org\/{rel}","templated":true}]}}