{"id":435,"date":"2026-01-07T14:42:53","date_gmt":"2026-01-07T13:42:53","guid":{"rendered":"https:\/\/transport.przedprojekt.com.pl\/?page_id=435"},"modified":"2026-01-07T14:46:24","modified_gmt":"2026-01-07T13:46:24","slug":"poradnik","status":"publish","type":"page","link":"https:\/\/transport.przedprojekt.com.pl\/de\/poradnik\/","title":{"rendered":"Poradnik"},"content":{"rendered":"<div data-elementor-type=\"wp-page\" data-elementor-id=\"435\" class=\"elementor elementor-435\" data-elementor-post-type=\"page\">\n\t\t\t\t<div class=\"elementor-element elementor-element-66750af e-con-full e-flex e-con e-parent\" data-id=\"66750af\" data-element_type=\"container\" data-settings=\"{&quot;background_background&quot;:&quot;classic&quot;,&quot;animation&quot;:&quot;none&quot;}\">\n\t\t<div class=\"elementor-element elementor-element-8944a21 e-flex e-con-boxed e-con e-child\" data-id=\"8944a21\" data-element_type=\"container\">\n\t\t\t\t\t<div class=\"e-con-inner\">\n\t\t<div class=\"elementor-element elementor-element-2a5523b e-con-full e-flex e-con e-child\" data-id=\"2a5523b\" data-element_type=\"container\">\n\t\t\t\t<div class=\"elementor-element elementor-element-514ae87 elementor-widget elementor-widget-heading\" data-id=\"514ae87\" data-element_type=\"widget\" data-widget_type=\"heading.default\">\n\t\t\t\t\t<h2 class=\"elementor-heading-title elementor-size-default\">Wykonaj pierwszy krok - wype\u0142nij formularz!<\/h2>\t\t\t\t<\/div>\n\t\t\t\t<\/div>\n\t\t<div class=\"elementor-element elementor-element-b79e151 e-con-full e-flex e-con e-child\" data-id=\"b79e151\" data-element_type=\"container\">\n\t\t\t\t<div class=\"elementor-element elementor-element-a0e11a9 elementor-mobile-align-center elementor-widget-mobile__width-inherit elementor-widget elementor-widget-button\" data-id=\"a0e11a9\" data-element_type=\"widget\" data-widget_type=\"button.default\">\n\t\t\t\t\t\t\t\t\t\t<a class=\"elementor-button elementor-button-link elementor-size-sm\" href=\"\/de\/kontakt\/\">\n\t\t\t\t\t\t<span class=\"elementor-button-content-wrapper\">\n\t\t\t\t\t\t\t\t\t<span class=\"elementor-button-text\">Kontakt<\/span>\n\t\t\t\t\t<\/span>\n\t\t\t\t\t<\/a>\n\t\t\t\t\t\t\t\t<\/div>\n\t\t\t\t<\/div>\n\t\t\t\t\t<\/div>\n\t\t\t\t<\/div>\n\t\t\t\t<\/div>\n\t\t<div class=\"elementor-element elementor-element-20afa17 e-con-full e-flex elementor-invisible e-con e-parent\" data-id=\"20afa17\" data-element_type=\"container\" data-settings=\"{&quot;animation&quot;:&quot;fadeIn&quot;}\">\n\t\t<div class=\"elementor-element elementor-element-890329e e-flex e-con-boxed e-con e-child\" data-id=\"890329e\" data-element_type=\"container\">\n\t\t\t\t\t<div class=\"e-con-inner\">\n\t\t<div class=\"elementor-element elementor-element-28ed309 e-con-full e-flex e-con e-child\" data-id=\"28ed309\" data-element_type=\"container\">\n\t\t\t\t<div class=\"elementor-element elementor-element-5994383 elementor-widget elementor-widget-heading\" data-id=\"5994383\" data-element_type=\"widget\" data-widget_type=\"heading.default\">\n\t\t\t\t\t<h1 class=\"elementor-heading-title elementor-size-default\">Poradnik \u2013 transport zw\u0142ok i formalno\u015bci mi\u0119dzynarodowe<\/h1>\t\t\t\t<\/div>\n\t\t\t\t<div class=\"elementor-element elementor-element-b52ea53 elementor-widget__width-initial elementor-widget elementor-widget-text-editor\" data-id=\"b52ea53\" data-element_type=\"widget\" data-widget_type=\"text-editor.default\">\n\t\t\t\t\t\t\t\t\t<p>Od lat pomagamy w bezpiecznym i godnym sprowadzeniu os\u00f3b zmar\u0142ych do miejsca wiecznego spoczynku. Doskonale rozumiemy, jak wiele emocji towarzyszy takim sytuacjom, dlatego przejmujemy na siebie wszystkie formalno\u015bci, umo\u017cliwiaj\u0105c rodzinom skupienie si\u0119 na po\u017cegnaniu bliskiej osoby.<\/p>\t\t\t\t\t\t\t\t<\/div>\n\t\t\t\t<\/div>\n\t\t\t\t\t<\/div>\n\t\t\t\t<\/div>\n\t\t\t\t<\/div>\n\t\t<div class=\"elementor-element elementor-element-32d19a6 e-con-full e-flex elementor-invisible e-con e-parent\" data-id=\"32d19a6\" data-element_type=\"container\" data-settings=\"{&quot;animation&quot;:&quot;fadeIn&quot;}\">\n\t\t<div class=\"elementor-element elementor-element-ecec769 e-flex e-con-boxed e-con e-child\" data-id=\"ecec769\" data-element_type=\"container\">\n\t\t\t\t\t<div class=\"e-con-inner\">\n\t\t<div class=\"elementor-element elementor-element-f8c35c4 e-con-full e-flex e-con e-child\" data-id=\"f8c35c4\" data-element_type=\"container\">\n\t\t\t\t<div class=\"elementor-element elementor-element-274a5a6 elementor-widget elementor-widget-image\" data-id=\"274a5a6\" data-element_type=\"widget\" data-widget_type=\"image.default\">\n\t\t\t\t\t\t\t\t\t\t\t\t\t\t\t<img fetchpriority=\"high\" decoding=\"async\" width=\"800\" height=\"448\" src=\"https:\/\/transport.przedprojekt.com.pl\/wp-content\/uploads\/2025\/12\/AdobeStock_1662010325-1024x574.jpeg\" class=\"attachment-large size-large wp-image-63\" alt=\"\" srcset=\"https:\/\/transport.przedprojekt.com.pl\/wp-content\/uploads\/2025\/12\/AdobeStock_1662010325-1024x574.jpeg 1024w, https:\/\/transport.przedprojekt.com.pl\/wp-content\/uploads\/2025\/12\/AdobeStock_1662010325-300x168.jpeg 300w, https:\/\/transport.przedprojekt.com.pl\/wp-content\/uploads\/2025\/12\/AdobeStock_1662010325-768x430.jpeg 768w, https:\/\/transport.przedprojekt.com.pl\/wp-content\/uploads\/2025\/12\/AdobeStock_1662010325-1536x861.jpeg 1536w, https:\/\/transport.przedprojekt.com.pl\/wp-content\/uploads\/2025\/12\/AdobeStock_1662010325-800x448.jpeg 800w, https:\/\/transport.przedprojekt.com.pl\/wp-content\/uploads\/2025\/12\/AdobeStock_1662010325.jpeg 1920w\" sizes=\"(max-width: 800px) 100vw, 800px\" \/>\t\t\t\t\t\t\t\t\t\t\t\t\t\t\t<\/div>\n\t\t\t\t<\/div>\n\t\t<div class=\"elementor-element elementor-element-c09bfe3 e-con-full e-flex e-con e-child\" data-id=\"c09bfe3\" data-element_type=\"container\">\n\t\t\t\t<div class=\"elementor-element elementor-element-6462e50 elementor-widget elementor-widget-heading\" data-id=\"6462e50\" data-element_type=\"widget\" data-widget_type=\"heading.default\">\n\t\t\t\t\t<h2 class=\"elementor-heading-title elementor-size-default\">Jak post\u0119powa\u0107 w przypadku \u015bmierci bliskiej osoby za granic\u0105?<\/h2>\t\t\t\t<\/div>\n\t\t\t\t<div class=\"elementor-element elementor-element-6a83679 elementor-widget__width-initial elementor-widget elementor-widget-text-editor\" data-id=\"6a83679\" data-element_type=\"widget\" data-widget_type=\"text-editor.default\">\n\t\t\t\t\t\t\t\t\t<p>\u015amier\u0107 bliskiej osoby poza granicami kraju to sytuacja niezwykle trudna emocjonalnie i organizacyjnie. Opr\u00f3cz \u017ca\u0142oby pojawia si\u0119 konieczno\u015b\u0107 podj\u0119cia szybkich decyzji oraz dope\u0142nienia wielu formalno\u015bci w obcym systemie prawnym. Najwa\u017cniejszym krokiem jest zg\u0142oszenie zgonu odpowiednim s\u0142u\u017cbom lokalnym oraz uzyskanie aktu zgonu, kt\u00f3ry stanowi podstaw\u0119 dalszych dzia\u0142a\u0144.<\/p>\t\t\t\t\t\t\t\t<\/div>\n\t\t\t\t<div class=\"elementor-element elementor-element-17cb211 elementor-widget__width-initial elementor-widget elementor-widget-text-editor\" data-id=\"17cb211\" data-element_type=\"widget\" data-widget_type=\"text-editor.default\">\n\t\t\t\t\t\t\t\t\t<p>W takich sytuacjach warto jak najszybciej skontaktowa\u0107 si\u0119 z firm\u0105 specjalizuj\u0105c\u0105 si\u0119 w mi\u0119dzynarodowym transporcie zw\u0142ok. Profesjonalne wsparcie pozwala unikn\u0105\u0107 b\u0142\u0119d\u00f3w formalnych i znacz\u0105co skraca czas sprowadzenia osoby zmar\u0142ej do kraju.<\/p>\t\t\t\t\t\t\t\t<\/div>\n\t\t\t\t<div class=\"elementor-element elementor-element-9272093 elementor-widget elementor-widget-button\" data-id=\"9272093\" data-element_type=\"widget\" data-widget_type=\"button.default\">\n\t\t\t\t\t\t\t\t\t\t<a class=\"elementor-button elementor-button-link elementor-size-sm\" href=\"\/de\/kontakt\/\">\n\t\t\t\t\t\t<span class=\"elementor-button-content-wrapper\">\n\t\t\t\t\t\t\t\t\t<span class=\"elementor-button-text\">Kontakt<\/span>\n\t\t\t\t\t<\/span>\n\t\t\t\t\t<\/a>\n\t\t\t\t\t\t\t\t<\/div>\n\t\t\t\t<\/div>\n\t\t\t\t\t<\/div>\n\t\t\t\t<\/div>\n\t\t\t\t<\/div>\n\t\t<div class=\"elementor-element elementor-element-576e815 e-con-full e-flex elementor-invisible e-con e-parent\" data-id=\"576e815\" data-element_type=\"container\" data-settings=\"{&quot;animation&quot;:&quot;fadeIn&quot;}\">\n\t\t<div class=\"elementor-element elementor-element-f37c009 e-flex e-con-boxed e-con e-child\" data-id=\"f37c009\" data-element_type=\"container\">\n\t\t\t\t\t<div class=\"e-con-inner\">\n\t\t<div class=\"elementor-element elementor-element-37c6ed2 e-con-full e-flex e-con e-child\" data-id=\"37c6ed2\" data-element_type=\"container\">\n\t\t\t\t<div class=\"elementor-element elementor-element-3dbc35f elementor-widget elementor-widget-image\" data-id=\"3dbc35f\" data-element_type=\"widget\" data-widget_type=\"image.default\">\n\t\t\t\t\t\t\t\t\t\t\t\t\t\t\t<img decoding=\"async\" width=\"800\" height=\"534\" src=\"https:\/\/transport.przedprojekt.com.pl\/wp-content\/uploads\/2025\/12\/AdobeStock_1675547542-1024x683.jpeg\" class=\"attachment-large size-large wp-image-64\" alt=\"\" srcset=\"https:\/\/transport.przedprojekt.com.pl\/wp-content\/uploads\/2025\/12\/AdobeStock_1675547542-1024x683.jpeg 1024w, https:\/\/transport.przedprojekt.com.pl\/wp-content\/uploads\/2025\/12\/AdobeStock_1675547542-300x200.jpeg 300w, https:\/\/transport.przedprojekt.com.pl\/wp-content\/uploads\/2025\/12\/AdobeStock_1675547542-768x512.jpeg 768w, https:\/\/transport.przedprojekt.com.pl\/wp-content\/uploads\/2025\/12\/AdobeStock_1675547542-1536x1024.jpeg 1536w, https:\/\/transport.przedprojekt.com.pl\/wp-content\/uploads\/2025\/12\/AdobeStock_1675547542-800x533.jpeg 800w, https:\/\/transport.przedprojekt.com.pl\/wp-content\/uploads\/2025\/12\/AdobeStock_1675547542.jpeg 1920w\" sizes=\"(max-width: 800px) 100vw, 800px\" \/>\t\t\t\t\t\t\t\t\t\t\t\t\t\t\t<\/div>\n\t\t\t\t<\/div>\n\t\t<div class=\"elementor-element elementor-element-32c1e67 e-con-full e-flex e-con e-child\" data-id=\"32c1e67\" data-element_type=\"container\">\n\t\t\t\t<div class=\"elementor-element elementor-element-92d0253 elementor-widget elementor-widget-heading\" data-id=\"92d0253\" data-element_type=\"widget\" data-widget_type=\"heading.default\">\n\t\t\t\t\t<h2 class=\"elementor-heading-title elementor-size-default\">Jakie dokumenty s\u0105 potrzebne do transportu zw\u0142ok z zagranicy do Polski?<\/h2>\t\t\t\t<\/div>\n\t\t\t\t<div class=\"elementor-element elementor-element-c4ddc4c elementor-widget__width-initial elementor-widget elementor-widget-text-editor\" data-id=\"c4ddc4c\" data-element_type=\"widget\" data-widget_type=\"text-editor.default\">\n\t\t\t\t\t\t\t\t\t<p>Procedura transportu zw\u0142ok lub proch\u00f3w do Polski wymaga przygotowania okre\u015blonej dokumentacji. W zale\u017cno\u015bci od kraju s\u0105 to m.in. zagraniczny akt zgonu, za\u015bwiadczenia sanitarne, zgoda na przew\u00f3z zw\u0142ok oraz dokumenty wydawane przez konsulat lub odpowiednie urz\u0119dy lokalne.<\/p>\t\t\t\t\t\t\t\t<\/div>\n\t\t\t\t<div class=\"elementor-element elementor-element-88ee25b elementor-widget__width-initial elementor-widget elementor-widget-text-editor\" data-id=\"88ee25b\" data-element_type=\"widget\" data-widget_type=\"text-editor.default\">\n\t\t\t\t\t\t\t\t\t<p>Ka\u017cde pa\u0144stwo posiada w\u0142asne regulacje, dlatego samodzielne kompletowanie dokument\u00f3w bywa skomplikowane i czasoch\u0142onne. Skorzystanie z pomocy do\u015bwiadczonego zak\u0142adu pogrzebowego pozwala przej\u0105\u0107 ca\u0142y proces formalny i mie\u0107 pewno\u015b\u0107, \u017ce transport odb\u0119dzie si\u0119 zgodnie z obowi\u0105zuj\u0105cym prawem.<\/p>\t\t\t\t\t\t\t\t<\/div>\n\t\t\t\t<div class=\"elementor-element elementor-element-2b48e8c elementor-widget elementor-widget-button\" data-id=\"2b48e8c\" data-element_type=\"widget\" data-widget_type=\"button.default\">\n\t\t\t\t\t\t\t\t\t\t<a class=\"elementor-button elementor-button-link elementor-size-sm\" href=\"\/de\/kontakt\/\">\n\t\t\t\t\t\t<span class=\"elementor-button-content-wrapper\">\n\t\t\t\t\t\t\t\t\t<span class=\"elementor-button-text\">Kontakt<\/span>\n\t\t\t\t\t<\/span>\n\t\t\t\t\t<\/a>\n\t\t\t\t\t\t\t\t<\/div>\n\t\t\t\t<\/div>\n\t\t\t\t\t<\/div>\n\t\t\t\t<\/div>\n\t\t\t\t<\/div>\n\t\t<div class=\"elementor-element elementor-element-dffa8b4 e-con-full e-flex elementor-invisible e-con e-parent\" data-id=\"dffa8b4\" data-element_type=\"container\" data-settings=\"{&quot;animation&quot;:&quot;fadeIn&quot;}\">\n\t\t<div class=\"elementor-element elementor-element-4317839 e-flex e-con-boxed e-con e-child\" data-id=\"4317839\" data-element_type=\"container\">\n\t\t\t\t\t<div class=\"e-con-inner\">\n\t\t<div class=\"elementor-element elementor-element-b091ca5 e-con-full e-flex e-con e-child\" data-id=\"b091ca5\" data-element_type=\"container\">\n\t\t\t\t<div class=\"elementor-element elementor-element-8b5f6af elementor-widget elementor-widget-image\" data-id=\"8b5f6af\" data-element_type=\"widget\" data-widget_type=\"image.default\">\n\t\t\t\t\t\t\t\t\t\t\t\t\t\t\t<img decoding=\"async\" width=\"800\" height=\"349\" src=\"https:\/\/transport.przedprojekt.com.pl\/wp-content\/uploads\/2025\/12\/AdobeStock_689151723-1024x447.jpeg\" class=\"attachment-large size-large wp-image-60\" alt=\"\" srcset=\"https:\/\/transport.przedprojekt.com.pl\/wp-content\/uploads\/2025\/12\/AdobeStock_689151723-1024x447.jpeg 1024w, https:\/\/transport.przedprojekt.com.pl\/wp-content\/uploads\/2025\/12\/AdobeStock_689151723-300x131.jpeg 300w, https:\/\/transport.przedprojekt.com.pl\/wp-content\/uploads\/2025\/12\/AdobeStock_689151723-768x336.jpeg 768w, https:\/\/transport.przedprojekt.com.pl\/wp-content\/uploads\/2025\/12\/AdobeStock_689151723-1536x671.jpeg 1536w, https:\/\/transport.przedprojekt.com.pl\/wp-content\/uploads\/2025\/12\/AdobeStock_689151723-800x350.jpeg 800w, https:\/\/transport.przedprojekt.com.pl\/wp-content\/uploads\/2025\/12\/AdobeStock_689151723.jpeg 1920w\" sizes=\"(max-width: 800px) 100vw, 800px\" \/>\t\t\t\t\t\t\t\t\t\t\t\t\t\t\t<\/div>\n\t\t\t\t<\/div>\n\t\t<div class=\"elementor-element elementor-element-a15b9d3 e-con-full e-flex e-con e-child\" data-id=\"a15b9d3\" data-element_type=\"container\">\n\t\t\t\t<div class=\"elementor-element elementor-element-19b6906 elementor-widget elementor-widget-heading\" data-id=\"19b6906\" data-element_type=\"widget\" data-widget_type=\"heading.default\">\n\t\t\t\t\t<h2 class=\"elementor-heading-title elementor-size-default\">Transport zw\u0142ok a transport proch\u00f3w \u2013 najwa\u017cniejsze r\u00f3\u017cnice<\/h2>\t\t\t\t<\/div>\n\t\t\t\t<div class=\"elementor-element elementor-element-16b5595 elementor-widget__width-initial elementor-widget elementor-widget-text-editor\" data-id=\"16b5595\" data-element_type=\"widget\" data-widget_type=\"text-editor.default\">\n\t\t\t\t\t\t\t\t\t<p>Rodzina osoby zmar\u0142ej mo\u017ce zdecydowa\u0107 si\u0119 na transport zw\u0142ok w trumnie lub na wcze\u015bniejsz\u0105 kremacj\u0119 i przew\u00f3z urny. Transport proch\u00f3w jest zazwyczaj prostszy pod wzgl\u0119dem formalnym i logistycznym, jednak r\u00f3wnie\u017c podlega okre\u015blonym przepisom mi\u0119dzynarodowym oraz wymogom linii lotniczych.<\/p>\t\t\t\t\t\t\t\t<\/div>\n\t\t\t\t<div class=\"elementor-element elementor-element-4d28308 elementor-widget__width-initial elementor-widget elementor-widget-text-editor\" data-id=\"4d28308\" data-element_type=\"widget\" data-widget_type=\"text-editor.default\">\n\t\t\t\t\t\t\t\t\t<p data-start=\"2040\" data-end=\"2296\">Transport zw\u0142ok wymaga zastosowania specjalistycznych trumien do przewoz\u00f3w mi\u0119dzynarodowych oraz spe\u0142nienia rygorystycznych norm sanitarnych. Wyb\u00f3r odpowiedniej formy transportu zale\u017cy od woli rodziny, przekona\u0144 religijnych oraz mo\u017cliwo\u015bci organizacyjnych.<\/p>\t\t\t\t\t\t\t\t<\/div>\n\t\t\t\t<div class=\"elementor-element elementor-element-d25af51 elementor-widget elementor-widget-button\" data-id=\"d25af51\" data-element_type=\"widget\" data-widget_type=\"button.default\">\n\t\t\t\t\t\t\t\t\t\t<a class=\"elementor-button elementor-button-link elementor-size-sm\" href=\"\/de\/kontakt\/\">\n\t\t\t\t\t\t<span class=\"elementor-button-content-wrapper\">\n\t\t\t\t\t\t\t\t\t<span class=\"elementor-button-text\">Kontakt<\/span>\n\t\t\t\t\t<\/span>\n\t\t\t\t\t<\/a>\n\t\t\t\t\t\t\t\t<\/div>\n\t\t\t\t<\/div>\n\t\t\t\t\t<\/div>\n\t\t\t\t<\/div>\n\t\t\t\t<\/div>\n\t\t<div class=\"elementor-element elementor-element-c1936c0 e-con-full e-flex elementor-invisible e-con e-parent\" data-id=\"c1936c0\" data-element_type=\"container\" data-settings=\"{&quot;animation&quot;:&quot;fadeIn&quot;}\">\n\t\t<div class=\"elementor-element elementor-element-0df1efb e-flex e-con-boxed e-con e-child\" data-id=\"0df1efb\" data-element_type=\"container\">\n\t\t\t\t\t<div class=\"e-con-inner\">\n\t\t<div class=\"elementor-element elementor-element-e32c685 e-con-full e-flex e-con e-child\" data-id=\"e32c685\" data-element_type=\"container\">\n\t\t\t\t<div class=\"elementor-element elementor-element-fbb8aa2 elementor-widget elementor-widget-image\" data-id=\"fbb8aa2\" data-element_type=\"widget\" data-widget_type=\"image.default\">\n\t\t\t\t\t\t\t\t\t\t\t\t\t\t\t<img loading=\"lazy\" decoding=\"async\" width=\"800\" height=\"400\" src=\"https:\/\/transport.przedprojekt.com.pl\/wp-content\/uploads\/2025\/12\/AdobeStock_1834211306-1024x512.jpeg\" class=\"attachment-large size-large wp-image-67\" alt=\"\" srcset=\"https:\/\/transport.przedprojekt.com.pl\/wp-content\/uploads\/2025\/12\/AdobeStock_1834211306-1024x512.jpeg 1024w, https:\/\/transport.przedprojekt.com.pl\/wp-content\/uploads\/2025\/12\/AdobeStock_1834211306-300x150.jpeg 300w, https:\/\/transport.przedprojekt.com.pl\/wp-content\/uploads\/2025\/12\/AdobeStock_1834211306-768x384.jpeg 768w, https:\/\/transport.przedprojekt.com.pl\/wp-content\/uploads\/2025\/12\/AdobeStock_1834211306-1536x768.jpeg 1536w, https:\/\/transport.przedprojekt.com.pl\/wp-content\/uploads\/2025\/12\/AdobeStock_1834211306-800x400.jpeg 800w, https:\/\/transport.przedprojekt.com.pl\/wp-content\/uploads\/2025\/12\/AdobeStock_1834211306.jpeg 1920w\" sizes=\"(max-width: 800px) 100vw, 800px\" \/>\t\t\t\t\t\t\t\t\t\t\t\t\t\t\t<\/div>\n\t\t\t\t<\/div>\n\t\t<div class=\"elementor-element elementor-element-01bb0c3 e-con-full e-flex e-con e-child\" data-id=\"01bb0c3\" data-element_type=\"container\">\n\t\t\t\t<div class=\"elementor-element elementor-element-c7fc247 elementor-widget elementor-widget-heading\" data-id=\"c7fc247\" data-element_type=\"widget\" data-widget_type=\"heading.default\">\n\t\t\t\t\t<h2 class=\"elementor-heading-title elementor-size-default\">Ile trwa sprowadzenie zw\u0142ok z zagranicy?<\/h2>\t\t\t\t<\/div>\n\t\t\t\t<div class=\"elementor-element elementor-element-30e3e9c elementor-widget__width-initial elementor-widget elementor-widget-text-editor\" data-id=\"30e3e9c\" data-element_type=\"widget\" data-widget_type=\"text-editor.default\">\n\t\t\t\t\t\t\t\t\t<p>Czas realizacji transportu zw\u0142ok z zagranicy do Polski zale\u017cy od wielu czynnik\u00f3w, takich jak kraj zgonu, kompletno\u015b\u0107 dokument\u00f3w, spos\u00f3b transportu (drogowy lub lotniczy) oraz procedury administracyjne obowi\u0105zuj\u0105ce lokalnie.<\/p>\t\t\t\t\t\t\t\t<\/div>\n\t\t\t\t<div class=\"elementor-element elementor-element-8192393 elementor-widget__width-initial elementor-widget elementor-widget-text-editor\" data-id=\"8192393\" data-element_type=\"widget\" data-widget_type=\"text-editor.default\">\n\t\t\t\t\t\t\t\t\t<p data-start=\"2040\" data-end=\"2296\">W wi\u0119kszo\u015bci przypadk\u00f3w proces trwa od kilku dni do oko\u0142o tygodnia. Do\u015bwiadczona firma pogrzebowa jest w stanie zoptymalizowa\u0107 ca\u0142y proces, ograniczaj\u0105c formalno\u015bci do niezb\u0119dnego minimum i dbaj\u0105c o mo\u017cliwie najszybsze sprowadzenie osoby zmar\u0142ej do kraju.<\/p>\t\t\t\t\t\t\t\t<\/div>\n\t\t\t\t<div class=\"elementor-element elementor-element-8d442e7 elementor-widget elementor-widget-button\" data-id=\"8d442e7\" data-element_type=\"widget\" data-widget_type=\"button.default\">\n\t\t\t\t\t\t\t\t\t\t<a class=\"elementor-button elementor-button-link elementor-size-sm\" href=\"\/de\/kontakt\/\">\n\t\t\t\t\t\t<span class=\"elementor-button-content-wrapper\">\n\t\t\t\t\t\t\t\t\t<span class=\"elementor-button-text\">Kontakt<\/span>\n\t\t\t\t\t<\/span>\n\t\t\t\t\t<\/a>\n\t\t\t\t\t\t\t\t<\/div>\n\t\t\t\t<\/div>\n\t\t\t\t\t<\/div>\n\t\t\t\t<\/div>\n\t\t\t\t<\/div>\n\t\t<div class=\"elementor-element elementor-element-d37191d e-con-full e-flex elementor-invisible e-con e-parent\" data-id=\"d37191d\" data-element_type=\"container\" data-settings=\"{&quot;animation&quot;:&quot;fadeIn&quot;}\">\n\t\t<div class=\"elementor-element elementor-element-0b5f30d e-flex e-con-boxed e-con e-child\" data-id=\"0b5f30d\" data-element_type=\"container\">\n\t\t\t\t\t<div class=\"e-con-inner\">\n\t\t<div class=\"elementor-element elementor-element-bf411cc e-con-full e-flex e-con e-child\" data-id=\"bf411cc\" data-element_type=\"container\">\n\t\t\t\t<div class=\"elementor-element elementor-element-bd9b281 elementor-widget elementor-widget-image\" data-id=\"bd9b281\" data-element_type=\"widget\" data-widget_type=\"image.default\">\n\t\t\t\t\t\t\t\t\t\t\t\t\t\t\t<img loading=\"lazy\" decoding=\"async\" width=\"800\" height=\"400\" src=\"https:\/\/transport.przedprojekt.com.pl\/wp-content\/uploads\/2025\/12\/AdobeStock_1840251105-1024x512.jpeg\" class=\"attachment-large size-large wp-image-68\" alt=\"\" srcset=\"https:\/\/transport.przedprojekt.com.pl\/wp-content\/uploads\/2025\/12\/AdobeStock_1840251105-1024x512.jpeg 1024w, https:\/\/transport.przedprojekt.com.pl\/wp-content\/uploads\/2025\/12\/AdobeStock_1840251105-300x150.jpeg 300w, https:\/\/transport.przedprojekt.com.pl\/wp-content\/uploads\/2025\/12\/AdobeStock_1840251105-768x384.jpeg 768w, https:\/\/transport.przedprojekt.com.pl\/wp-content\/uploads\/2025\/12\/AdobeStock_1840251105-1536x768.jpeg 1536w, https:\/\/transport.przedprojekt.com.pl\/wp-content\/uploads\/2025\/12\/AdobeStock_1840251105-800x400.jpeg 800w, https:\/\/transport.przedprojekt.com.pl\/wp-content\/uploads\/2025\/12\/AdobeStock_1840251105.jpeg 1920w\" sizes=\"(max-width: 800px) 100vw, 800px\" \/>\t\t\t\t\t\t\t\t\t\t\t\t\t\t\t<\/div>\n\t\t\t\t<\/div>\n\t\t<div class=\"elementor-element elementor-element-475c788 e-con-full e-flex e-con e-child\" data-id=\"475c788\" data-element_type=\"container\">\n\t\t\t\t<div class=\"elementor-element elementor-element-50120b5 elementor-widget elementor-widget-heading\" data-id=\"50120b5\" data-element_type=\"widget\" data-widget_type=\"heading.default\">\n\t\t\t\t\t<h2 class=\"elementor-heading-title elementor-size-default\">Dlaczego warto skorzysta\u0107 z pomocy profesjonalnej firmy?<\/h2>\t\t\t\t<\/div>\n\t\t\t\t<div class=\"elementor-element elementor-element-f2b389c elementor-widget__width-initial elementor-widget elementor-widget-text-editor\" data-id=\"f2b389c\" data-element_type=\"widget\" data-widget_type=\"text-editor.default\">\n\t\t\t\t\t\t\t\t\t<p>Organizacja mi\u0119dzynarodowego transportu zw\u0142ok wi\u0105\u017ce si\u0119 z ogromnym stresem, barier\u0105 j\u0119zykow\u0105 oraz nieznajomo\u015bci\u0105 przepis\u00f3w obowi\u0105zuj\u0105cych w innych krajach. Powierzenie tych dzia\u0142a\u0144 profesjonalistom pozwala rodzinie skupi\u0107 si\u0119 na prze\u017cywaniu \u017ca\u0142oby i przygotowaniu godnego po\u017cegnania.<\/p>\t\t\t\t\t\t\t\t<\/div>\n\t\t\t\t<div class=\"elementor-element elementor-element-0946895 elementor-widget__width-initial elementor-widget elementor-widget-text-editor\" data-id=\"0946895\" data-element_type=\"widget\" data-widget_type=\"text-editor.default\">\n\t\t\t\t\t\t\t\t\t<p data-start=\"3183\" data-end=\"3390\">Firma specjalizuj\u0105ca si\u0119 w transporcie mi\u0119dzynarodowym zapewnia nie tylko sprawn\u0105 organizacj\u0119 przewozu, ale r\u00f3wnie\u017c empatyczne wsparcie, sta\u0142y kontakt z konsultantem oraz pe\u0142ne bezpiecze\u0144stwo ca\u0142ego procesu.<\/p>\t\t\t\t\t\t\t\t<\/div>\n\t\t\t\t<div class=\"elementor-element elementor-element-c6739e7 elementor-widget elementor-widget-button\" data-id=\"c6739e7\" data-element_type=\"widget\" data-widget_type=\"button.default\">\n\t\t\t\t\t\t\t\t\t\t<a class=\"elementor-button elementor-button-link elementor-size-sm\" href=\"\/de\/kontakt\/\">\n\t\t\t\t\t\t<span class=\"elementor-button-content-wrapper\">\n\t\t\t\t\t\t\t\t\t<span class=\"elementor-button-text\">Kontakt<\/span>\n\t\t\t\t\t<\/span>\n\t\t\t\t\t<\/a>\n\t\t\t\t\t\t\t\t<\/div>\n\t\t\t\t<\/div>\n\t\t\t\t\t<\/div>\n\t\t\t\t<\/div>\n\t\t\t\t<\/div>\n\t\t\t\t<\/div>","protected":false},"excerpt":{"rendered":"<p>Wykonaj pierwszy krok &#8211; wype\u0142nij formularz! Kontakt Poradnik \u2013 transport zw\u0142ok i formalno\u015bci mi\u0119dzynarodowe Od lat pomagamy w bezpiecznym i godnym sprowadzeniu os\u00f3b zmar\u0142ych do miejsca wiecznego spoczynku. Doskonale rozumiemy, jak wiele emocji towarzyszy takim sytuacjom, dlatego przejmujemy na siebie wszystkie formalno\u015bci, umo\u017cliwiaj\u0105c rodzinom skupienie si\u0119 na po\u017cegnaniu bliskiej osoby. Jak post\u0119powa\u0107 w przypadku \u015bmierci [&hellip;]<\/p>","protected":false},"author":1,"featured_media":0,"parent":0,"menu_order":0,"comment_status":"closed","ping_status":"closed","template":"","meta":{"footnotes":""},"class_list":["post-435","page","type-page","status-publish","hentry"],"_links":{"self":[{"href":"https:\/\/transport.przedprojekt.com.pl\/de\/wp-json\/wp\/v2\/pages\/435","targetHints":{"allow":["GET"]}}],"collection":[{"href":"https:\/\/transport.przedprojekt.com.pl\/de\/wp-json\/wp\/v2\/pages"}],"about":[{"href":"https:\/\/transport.przedprojekt.com.pl\/de\/wp-json\/wp\/v2\/types\/page"}],"author":[{"embeddable":true,"href":"https:\/\/transport.przedprojekt.com.pl\/de\/wp-json\/wp\/v2\/users\/1"}],"replies":[{"embeddable":true,"href":"https:\/\/transport.przedprojekt.com.pl\/de\/wp-json\/wp\/v2\/comments?post=435"}],"version-history":[{"count":4,"href":"https:\/\/transport.przedprojekt.com.pl\/de\/wp-json\/wp\/v2\/pages\/435\/revisions"}],"predecessor-version":[{"id":439,"href":"https:\/\/transport.przedprojekt.com.pl\/de\/wp-json\/wp\/v2\/pages\/435\/revisions\/439"}],"wp:attachment":[{"href":"https:\/\/transport.przedprojekt.com.pl\/de\/wp-json\/wp\/v2\/media?parent=435"}],"curies":[{"name":"wp","href":"https:\/\/api.w.org\/{rel}","templated":true}]}}