{"id":335,"date":"2026-01-07T11:42:00","date_gmt":"2026-01-07T10:42:00","guid":{"rendered":"https:\/\/transport.przedprojekt.com.pl\/?page_id=335"},"modified":"2026-01-07T13:32:39","modified_gmt":"2026-01-07T12:32:39","slug":"oferta","status":"publish","type":"page","link":"https:\/\/transport.przedprojekt.com.pl\/de\/oferta\/","title":{"rendered":"Oferta"},"content":{"rendered":"<div data-elementor-type=\"wp-page\" data-elementor-id=\"335\" class=\"elementor elementor-335\" data-elementor-post-type=\"page\">\n\t\t\t\t<div class=\"elementor-element elementor-element-66750af e-con-full e-flex e-con e-parent\" data-id=\"66750af\" data-element_type=\"container\" data-settings=\"{&quot;background_background&quot;:&quot;classic&quot;,&quot;animation&quot;:&quot;none&quot;}\">\n\t\t<div class=\"elementor-element elementor-element-8944a21 e-flex e-con-boxed e-con e-child\" data-id=\"8944a21\" data-element_type=\"container\">\n\t\t\t\t\t<div class=\"e-con-inner\">\n\t\t<div class=\"elementor-element elementor-element-2a5523b e-con-full e-flex e-con e-child\" data-id=\"2a5523b\" data-element_type=\"container\">\n\t\t\t\t<div class=\"elementor-element elementor-element-514ae87 elementor-widget elementor-widget-heading\" data-id=\"514ae87\" data-element_type=\"widget\" data-widget_type=\"heading.default\">\n\t\t\t\t\t<h2 class=\"elementor-heading-title elementor-size-default\">Wykonaj pierwszy krok - wype\u0142nij formularz!<\/h2>\t\t\t\t<\/div>\n\t\t\t\t<\/div>\n\t\t<div class=\"elementor-element elementor-element-b79e151 e-con-full e-flex e-con e-child\" data-id=\"b79e151\" data-element_type=\"container\">\n\t\t\t\t<div class=\"elementor-element elementor-element-a0e11a9 elementor-mobile-align-center elementor-widget-mobile__width-inherit elementor-widget elementor-widget-button\" data-id=\"a0e11a9\" data-element_type=\"widget\" data-widget_type=\"button.default\">\n\t\t\t\t\t\t\t\t\t\t<a class=\"elementor-button elementor-button-link elementor-size-sm\" href=\"\/de\/kontakt\/\">\n\t\t\t\t\t\t<span class=\"elementor-button-content-wrapper\">\n\t\t\t\t\t\t\t\t\t<span class=\"elementor-button-text\">Kontakt<\/span>\n\t\t\t\t\t<\/span>\n\t\t\t\t\t<\/a>\n\t\t\t\t\t\t\t\t<\/div>\n\t\t\t\t<\/div>\n\t\t\t\t\t<\/div>\n\t\t\t\t<\/div>\n\t\t\t\t<\/div>\n\t\t<div class=\"elementor-element elementor-element-20afa17 e-con-full e-flex elementor-invisible e-con e-parent\" data-id=\"20afa17\" data-element_type=\"container\" data-settings=\"{&quot;animation&quot;:&quot;fadeIn&quot;,&quot;background_background&quot;:&quot;classic&quot;}\">\n\t\t<div class=\"elementor-element elementor-element-890329e e-flex e-con-boxed e-con e-child\" data-id=\"890329e\" data-element_type=\"container\">\n\t\t\t\t\t<div class=\"e-con-inner\">\n\t\t<div class=\"elementor-element elementor-element-28ed309 e-con-full e-flex e-con e-child\" data-id=\"28ed309\" data-element_type=\"container\">\n\t\t\t\t<div class=\"elementor-element elementor-element-5994383 elementor-widget elementor-widget-heading\" data-id=\"5994383\" data-element_type=\"widget\" data-widget_type=\"heading.default\">\n\t\t\t\t\t<h1 class=\"elementor-heading-title elementor-size-default\">Transport zw\u0142ok i proch\u00f3w \u2013 krajowy i mi\u0119dzynarodowy<\/h1>\t\t\t\t<\/div>\n\t\t\t\t<div class=\"elementor-element elementor-element-b52ea53 elementor-widget__width-initial elementor-widget elementor-widget-text-editor\" data-id=\"b52ea53\" data-element_type=\"widget\" data-widget_type=\"text-editor.default\">\n\t\t\t\t\t\t\t\t\t<p data-start=\"360\" data-end=\"701\">Furst Ceremonial oferuje kompleksow\u0105 organizacj\u0119 transportu zw\u0142ok i proch\u00f3w zar\u00f3wno w Polsce, jak i mi\u0119dzy krajami Europy i \u015bwiata. Rozumiemy, \u017ce \u015bmier\u0107 bliskiej osoby to wyj\u0105tkowo trudny moment, dlatego przejmujemy na siebie wszystkie formalno\u015bci, dokumentacj\u0119 oraz procedury urz\u0119dowe, pozwalaj\u0105c rodzinom skupi\u0107 si\u0119 na godnym po\u017cegnaniu.<\/p><p data-start=\"703\" data-end=\"1002\">Oferujemy transport drogowy specjalistycznymi karawanami oraz transport lotniczy, w zale\u017cno\u015bci od potrzeb i miejsca zdarzenia. Zapewniamy trumny i urny przystosowane do przewozu mi\u0119dzynarodowego, spe\u0142niaj\u0105ce wszystkie normy sanitarne i prawne, a tak\u017ce odpowiednio zabezpieczone na czas transportu.<\/p><p data-start=\"1004\" data-end=\"1246\">\u00a0<\/p>\t\t\t\t\t\t\t\t<\/div>\n\t\t\t\t<\/div>\n\t\t\t\t\t<\/div>\n\t\t\t\t<\/div>\n\t\t\t\t<\/div>\n\t\t<div class=\"elementor-element elementor-element-55a15c8 e-con-full e-flex elementor-invisible e-con e-parent\" data-id=\"55a15c8\" data-element_type=\"container\" data-settings=\"{&quot;animation&quot;:&quot;fadeInUp&quot;}\">\n\t\t<div class=\"elementor-element elementor-element-0459a51 e-flex e-con-boxed e-con e-child\" data-id=\"0459a51\" data-element_type=\"container\">\n\t\t\t\t\t<div class=\"e-con-inner\">\n\t\t<div class=\"elementor-element elementor-element-3d3e1ae e-con-full e-flex e-con e-child\" data-id=\"3d3e1ae\" data-element_type=\"container\">\n\t\t\t\t<div class=\"elementor-element elementor-element-5773e7b elementor-widget elementor-widget-heading\" data-id=\"5773e7b\" data-element_type=\"widget\" data-widget_type=\"heading.default\">\n\t\t\t\t\t<h2 class=\"elementor-heading-title elementor-size-default\">Transport zw\u0142ok z Niemiec<\/h2>\t\t\t\t<\/div>\n\t\t\t\t<div class=\"elementor-element elementor-element-b6545db elementor-widget__width-initial elementor-widget elementor-widget-text-editor\" data-id=\"b6545db\" data-element_type=\"widget\" data-widget_type=\"text-editor.default\">\n\t\t\t\t\t\t\t\t\t<p>\u015amier\u0107 bliskiej osoby za granic\u0105 to trudny czas, pe\u0142en emocji i formalno\u015bci. Furst Ceremonial oferuje kompleksow\u0105 pomoc w sprowadzeniu zw\u0142ok lub proch\u00f3w z Niemiec do Polski. Zajmujemy si\u0119 dokumentacj\u0105, zezwoleniami i wsp\u00f3\u0142prac\u0105 z urz\u0119dami, a ka\u017cdej rodzinie przydzielamy indywidualnego konsultanta, kt\u00f3ry czuwa nad przebiegiem ca\u0142ego procesu. Oferujemy transport drogowy i lotniczy, zapewniaj\u0105c trumny i urny zgodne z wymogami mi\u0119dzynarodowymi.<\/p>\t\t\t\t\t\t\t\t<\/div>\n\t\t\t\t<div class=\"elementor-element elementor-element-c8b56cd elementor-mobile-align-center elementor-widget-mobile__width-inherit elementor-widget elementor-widget-button\" data-id=\"c8b56cd\" data-element_type=\"widget\" data-widget_type=\"button.default\">\n\t\t\t\t\t\t\t\t\t\t<a class=\"elementor-button elementor-button-link elementor-size-sm elementor-animation-grow\" href=\"\/de\/kontakt\/\">\n\t\t\t\t\t\t<span class=\"elementor-button-content-wrapper\">\n\t\t\t\t\t\t\t\t\t<span class=\"elementor-button-text\">Sprawd\u017a<\/span>\n\t\t\t\t\t<\/span>\n\t\t\t\t\t<\/a>\n\t\t\t\t\t\t\t\t<\/div>\n\t\t\t\t<\/div>\n\t\t<div class=\"elementor-element elementor-element-966c8db e-con-full e-flex e-con e-child\" data-id=\"966c8db\" data-element_type=\"container\">\n\t\t\t\t<div class=\"elementor-element elementor-element-e3813ca elementor-widget elementor-widget-heading\" data-id=\"e3813ca\" data-element_type=\"widget\" data-widget_type=\"heading.default\">\n\t\t\t\t\t<h2 class=\"elementor-heading-title elementor-size-default\">Transport zw\u0142ok z Austrii<\/h2>\t\t\t\t<\/div>\n\t\t\t\t<div class=\"elementor-element elementor-element-d4f2af4 elementor-widget__width-initial elementor-widget elementor-widget-text-editor\" data-id=\"d4f2af4\" data-element_type=\"widget\" data-widget_type=\"text-editor.default\">\n\t\t\t\t\t\t\t\t\t<p data-start=\"784\" data-end=\"1079\">Organizujemy bezpieczny i godny przew\u00f3z zw\u0142ok oraz proch\u00f3w z Austrii do Polski. Nasze do\u015bwiadczenie w mi\u0119dzynarodowym transporcie pozwala rodzinom skupi\u0107 si\u0119 na po\u017cegnaniu bliskich, podczas gdy my zajmujemy si\u0119 formalno\u015bciami, dokumentami i logistyk\u0105 przewozu, zar\u00f3wno drogow\u0105, jak i lotnicz\u0105.<\/p>\t\t\t\t\t\t\t\t<\/div>\n\t\t\t\t<div class=\"elementor-element elementor-element-4673fab elementor-mobile-align-center elementor-widget-mobile__width-inherit elementor-widget elementor-widget-button\" data-id=\"4673fab\" data-element_type=\"widget\" data-widget_type=\"button.default\">\n\t\t\t\t\t\t\t\t\t\t<a class=\"elementor-button elementor-button-link elementor-size-sm elementor-animation-grow\" href=\"\/de\/kontakt\/\">\n\t\t\t\t\t\t<span class=\"elementor-button-content-wrapper\">\n\t\t\t\t\t\t\t\t\t<span class=\"elementor-button-text\">Sprawd\u017a<\/span>\n\t\t\t\t\t<\/span>\n\t\t\t\t\t<\/a>\n\t\t\t\t\t\t\t\t<\/div>\n\t\t\t\t<\/div>\n\t\t<div class=\"elementor-element elementor-element-4221bb4 e-con-full e-flex e-con e-child\" data-id=\"4221bb4\" data-element_type=\"container\">\n\t\t\t\t<div class=\"elementor-element elementor-element-048140c elementor-widget elementor-widget-heading\" data-id=\"048140c\" data-element_type=\"widget\" data-widget_type=\"heading.default\">\n\t\t\t\t\t<h2 class=\"elementor-heading-title elementor-size-default\">Transport zw\u0142ok z Polski <\/h2>\t\t\t\t<\/div>\n\t\t\t\t<div class=\"elementor-element elementor-element-175666a elementor-widget__width-initial elementor-widget elementor-widget-text-editor\" data-id=\"175666a\" data-element_type=\"widget\" data-widget_type=\"text-editor.default\">\n\t\t\t\t\t\t\t\t\t<p data-start=\"1511\" data-end=\"1775\">Oferujemy r\u00f3wnie\u017c transport zw\u0142ok i proch\u00f3w w obr\u0119bie Polski, gwarantuj\u0105c pe\u0142n\u0105 organizacj\u0119 przewozu, opiek\u0119 konsultanta i przestrzeganie wszystkich norm prawnych oraz sanitarnych. Dbamy o godny, bezpieczny i sprawny transport, niezale\u017cnie od miejsca docelowego.<\/p>\t\t\t\t\t\t\t\t<\/div>\n\t\t\t\t<div class=\"elementor-element elementor-element-e1f1a9a elementor-mobile-align-center elementor-widget-mobile__width-inherit elementor-widget elementor-widget-button\" data-id=\"e1f1a9a\" data-element_type=\"widget\" data-widget_type=\"button.default\">\n\t\t\t\t\t\t\t\t\t\t<a class=\"elementor-button elementor-button-link elementor-size-sm elementor-animation-grow\" href=\"\/de\/kontakt\/\">\n\t\t\t\t\t\t<span class=\"elementor-button-content-wrapper\">\n\t\t\t\t\t\t\t\t\t<span class=\"elementor-button-text\">Sprawd\u017a<\/span>\n\t\t\t\t\t<\/span>\n\t\t\t\t\t<\/a>\n\t\t\t\t\t\t\t\t<\/div>\n\t\t\t\t<\/div>\n\t\t<div class=\"elementor-element elementor-element-07ed995 e-con-full e-flex e-con e-child\" data-id=\"07ed995\" data-element_type=\"container\">\n\t\t\t\t<div class=\"elementor-element elementor-element-4df7312 elementor-widget elementor-widget-heading\" data-id=\"4df7312\" data-element_type=\"widget\" data-widget_type=\"heading.default\">\n\t\t\t\t\t<h2 class=\"elementor-heading-title elementor-size-default\">Transport zw\u0142ok do Czech <\/h2>\t\t\t\t<\/div>\n\t\t\t\t<div class=\"elementor-element elementor-element-55b9743 elementor-widget__width-initial elementor-widget elementor-widget-text-editor\" data-id=\"55b9743\" data-element_type=\"widget\" data-widget_type=\"text-editor.default\">\n\t\t\t\t\t\t\t\t\t<p>Furst Ceremonial zapewnia sprawny i profesjonalny transport zw\u0142ok i proch\u00f3w z Czech do Polski. Przejmujemy wszystkie obowi\u0105zki urz\u0119dowe, przygotowujemy niezb\u0119dn\u0105 dokumentacj\u0119 i dbamy o bezpieczny przew\u00f3z przy u\u017cyciu specjalistycznych karawan\u00f3w oraz transportu lotniczego. Ka\u017cda rodzina ma przydzielonego konsultanta do sta\u0142ego kontaktu i wsparcia.<\/p>\t\t\t\t\t\t\t\t<\/div>\n\t\t\t\t<div class=\"elementor-element elementor-element-8781faa elementor-mobile-align-center elementor-widget-mobile__width-inherit elementor-widget elementor-widget-button\" data-id=\"8781faa\" data-element_type=\"widget\" data-widget_type=\"button.default\">\n\t\t\t\t\t\t\t\t\t\t<a class=\"elementor-button elementor-button-link elementor-size-sm elementor-animation-grow\" href=\"\/de\/kontakt\/\">\n\t\t\t\t\t\t<span class=\"elementor-button-content-wrapper\">\n\t\t\t\t\t\t\t\t\t<span class=\"elementor-button-text\">Sprawd\u017a<\/span>\n\t\t\t\t\t<\/span>\n\t\t\t\t\t<\/a>\n\t\t\t\t\t\t\t\t<\/div>\n\t\t\t\t<\/div>\n\t\t\t\t\t<\/div>\n\t\t\t\t<\/div>\n\t\t\t\t<\/div>\n\t\t<div class=\"elementor-element elementor-element-ae7fef1 e-con-full e-flex elementor-invisible e-con e-parent\" data-id=\"ae7fef1\" data-element_type=\"container\" data-settings=\"{&quot;animation&quot;:&quot;fadeIn&quot;,&quot;background_background&quot;:&quot;classic&quot;}\">\n\t\t<div class=\"elementor-element elementor-element-17e6d28 e-flex e-con-boxed e-con e-child\" data-id=\"17e6d28\" data-element_type=\"container\">\n\t\t\t\t\t<div class=\"e-con-inner\">\n\t\t<div class=\"elementor-element elementor-element-6b4da3a e-con-full e-flex e-con e-child\" data-id=\"6b4da3a\" data-element_type=\"container\">\n\t\t\t\t<div class=\"elementor-element elementor-element-e934032 elementor-widget elementor-widget-heading\" data-id=\"e934032\" data-element_type=\"widget\" data-widget_type=\"heading.default\">\n\t\t\t\t\t<h2 class=\"elementor-heading-title elementor-size-default\">Sprawny i bezpieczny transport bliskich z pe\u0142n\u0105 opiek\u0105<\/h2>\t\t\t\t<\/div>\n\t\t\t\t<div class=\"elementor-element elementor-element-28874d5 elementor-widget__width-initial elementor-widget elementor-widget-text-editor\" data-id=\"28874d5\" data-element_type=\"widget\" data-widget_type=\"text-editor.default\">\n\t\t\t\t\t\t\t\t\t<p data-start=\"360\" data-end=\"701\">Ka\u017cdej rodzinie przydzielamy indywidualnego konsultanta, kt\u00f3ry pozostaje w sta\u0142ym kontakcie, udziela jasnych informacji i czuwa nad sprawnym przebiegiem ca\u0142ego procesu. Dzia\u0142amy ca\u0142odobowo, szybko reaguj\u0105c na zg\u0142oszenia z kraju i zagranicy.<\/p>\t\t\t\t\t\t\t\t<\/div>\n\t\t\t\t<div class=\"elementor-element elementor-element-f79bf8f elementor-widget__width-initial elementor-widget elementor-widget-text-editor\" data-id=\"f79bf8f\" data-element_type=\"widget\" data-widget_type=\"text-editor.default\">\n\t\t\t\t\t\t\t\t\t<p data-start=\"360\" data-end=\"701\">Furst Ceremonial to do\u015bwiadczenie, profesjonalizm i empatia \u2013 dbamy o to, aby transport bliskiej osoby przebiega\u0142 godnie, bezpiecznie i zgodnie z wol\u0105 rodziny, niezale\u017cnie od miejsca pochodzenia i celu przewozu.<\/p>\t\t\t\t\t\t\t\t<\/div>\n\t\t\t\t<\/div>\n\t\t\t\t\t<\/div>\n\t\t\t\t<\/div>\n\t\t\t\t<\/div>\n\t\t\t\t<\/div>","protected":false},"excerpt":{"rendered":"<p>Wykonaj pierwszy krok &#8211; wype\u0142nij formularz! Kontakt Transport zw\u0142ok i proch\u00f3w \u2013 krajowy i mi\u0119dzynarodowy Furst Ceremonial oferuje kompleksow\u0105 organizacj\u0119 transportu zw\u0142ok i proch\u00f3w zar\u00f3wno w Polsce, jak i mi\u0119dzy krajami Europy i \u015bwiata. Rozumiemy, \u017ce \u015bmier\u0107 bliskiej osoby to wyj\u0105tkowo trudny moment, dlatego przejmujemy na siebie wszystkie formalno\u015bci, dokumentacj\u0119 oraz procedury urz\u0119dowe, pozwalaj\u0105c rodzinom [&hellip;]<\/p>","protected":false},"author":1,"featured_media":0,"parent":0,"menu_order":0,"comment_status":"closed","ping_status":"closed","template":"","meta":{"footnotes":""},"class_list":["post-335","page","type-page","status-publish","hentry"],"_links":{"self":[{"href":"https:\/\/transport.przedprojekt.com.pl\/de\/wp-json\/wp\/v2\/pages\/335","targetHints":{"allow":["GET"]}}],"collection":[{"href":"https:\/\/transport.przedprojekt.com.pl\/de\/wp-json\/wp\/v2\/pages"}],"about":[{"href":"https:\/\/transport.przedprojekt.com.pl\/de\/wp-json\/wp\/v2\/types\/page"}],"author":[{"embeddable":true,"href":"https:\/\/transport.przedprojekt.com.pl\/de\/wp-json\/wp\/v2\/users\/1"}],"replies":[{"embeddable":true,"href":"https:\/\/transport.przedprojekt.com.pl\/de\/wp-json\/wp\/v2\/comments?post=335"}],"version-history":[{"count":31,"href":"https:\/\/transport.przedprojekt.com.pl\/de\/wp-json\/wp\/v2\/pages\/335\/revisions"}],"predecessor-version":[{"id":368,"href":"https:\/\/transport.przedprojekt.com.pl\/de\/wp-json\/wp\/v2\/pages\/335\/revisions\/368"}],"wp:attachment":[{"href":"https:\/\/transport.przedprojekt.com.pl\/de\/wp-json\/wp\/v2\/media?parent=335"}],"curies":[{"name":"wp","href":"https:\/\/api.w.org\/{rel}","templated":true}]}}