{"id":309,"date":"2026-01-07T11:17:04","date_gmt":"2026-01-07T10:17:04","guid":{"rendered":"https:\/\/transport.przedprojekt.com.pl\/?page_id=309"},"modified":"2026-01-08T08:36:21","modified_gmt":"2026-01-08T07:36:21","slug":"o-nas","status":"publish","type":"page","link":"https:\/\/transport.przedprojekt.com.pl\/de\/o-nas\/","title":{"rendered":"O nas"},"content":{"rendered":"<div data-elementor-type=\"wp-page\" data-elementor-id=\"309\" class=\"elementor elementor-309\" data-elementor-post-type=\"page\">\n\t\t\t\t<div class=\"elementor-element elementor-element-66750af e-con-full e-flex e-con e-parent\" data-id=\"66750af\" data-element_type=\"container\" data-settings=\"{&quot;background_background&quot;:&quot;classic&quot;,&quot;animation&quot;:&quot;none&quot;}\">\n\t\t<div class=\"elementor-element elementor-element-8944a21 e-flex e-con-boxed e-con e-child\" data-id=\"8944a21\" data-element_type=\"container\">\n\t\t\t\t\t<div class=\"e-con-inner\">\n\t\t<div class=\"elementor-element elementor-element-2a5523b e-con-full e-flex e-con e-child\" data-id=\"2a5523b\" data-element_type=\"container\">\n\t\t\t\t<div class=\"elementor-element elementor-element-514ae87 elementor-widget elementor-widget-heading\" data-id=\"514ae87\" data-element_type=\"widget\" data-widget_type=\"heading.default\">\n\t\t\t\t\t<h2 class=\"elementor-heading-title elementor-size-default\">Wykonaj pierwszy krok - wype\u0142nij formularz!<\/h2>\t\t\t\t<\/div>\n\t\t\t\t<\/div>\n\t\t<div class=\"elementor-element elementor-element-b79e151 e-con-full e-flex e-con e-child\" data-id=\"b79e151\" data-element_type=\"container\">\n\t\t\t\t<div class=\"elementor-element elementor-element-a0e11a9 elementor-mobile-align-center elementor-widget-mobile__width-inherit elementor-widget elementor-widget-button\" data-id=\"a0e11a9\" data-element_type=\"widget\" data-widget_type=\"button.default\">\n\t\t\t\t\t\t\t\t\t\t<a class=\"elementor-button elementor-button-link elementor-size-sm\" href=\"\/de\/kontakt\/\">\n\t\t\t\t\t\t<span class=\"elementor-button-content-wrapper\">\n\t\t\t\t\t\t\t\t\t<span class=\"elementor-button-text\">Kontakt<\/span>\n\t\t\t\t\t<\/span>\n\t\t\t\t\t<\/a>\n\t\t\t\t\t\t\t\t<\/div>\n\t\t\t\t<\/div>\n\t\t\t\t\t<\/div>\n\t\t\t\t<\/div>\n\t\t\t\t<\/div>\n\t\t<div class=\"elementor-element elementor-element-20afa17 e-con-full e-flex elementor-invisible e-con e-parent\" data-id=\"20afa17\" data-element_type=\"container\" data-settings=\"{&quot;animation&quot;:&quot;fadeIn&quot;}\">\n\t\t<div class=\"elementor-element elementor-element-890329e e-flex e-con-boxed e-con e-child\" data-id=\"890329e\" data-element_type=\"container\">\n\t\t\t\t\t<div class=\"e-con-inner\">\n\t\t<div class=\"elementor-element elementor-element-7147576 e-con-full e-flex e-con e-child\" data-id=\"7147576\" data-element_type=\"container\">\n\t\t\t\t<div class=\"elementor-element elementor-element-59ce474 elementor-widget elementor-widget-image\" data-id=\"59ce474\" data-element_type=\"widget\" data-widget_type=\"image.default\">\n\t\t\t\t\t\t\t\t\t\t\t\t\t\t\t<img fetchpriority=\"high\" decoding=\"async\" width=\"800\" height=\"400\" src=\"https:\/\/transport.przedprojekt.com.pl\/wp-content\/uploads\/2025\/12\/AdobeStock_1840251105-1024x512.jpeg\" class=\"attachment-large size-large wp-image-68\" alt=\"\" srcset=\"https:\/\/transport.przedprojekt.com.pl\/wp-content\/uploads\/2025\/12\/AdobeStock_1840251105-1024x512.jpeg 1024w, https:\/\/transport.przedprojekt.com.pl\/wp-content\/uploads\/2025\/12\/AdobeStock_1840251105-300x150.jpeg 300w, https:\/\/transport.przedprojekt.com.pl\/wp-content\/uploads\/2025\/12\/AdobeStock_1840251105-768x384.jpeg 768w, https:\/\/transport.przedprojekt.com.pl\/wp-content\/uploads\/2025\/12\/AdobeStock_1840251105-1536x768.jpeg 1536w, https:\/\/transport.przedprojekt.com.pl\/wp-content\/uploads\/2025\/12\/AdobeStock_1840251105-800x400.jpeg 800w, https:\/\/transport.przedprojekt.com.pl\/wp-content\/uploads\/2025\/12\/AdobeStock_1840251105.jpeg 1920w\" sizes=\"(max-width: 800px) 100vw, 800px\" \/>\t\t\t\t\t\t\t\t\t\t\t\t\t\t\t<\/div>\n\t\t\t\t<\/div>\n\t\t<div class=\"elementor-element elementor-element-28ed309 e-con-full e-flex e-con e-child\" data-id=\"28ed309\" data-element_type=\"container\">\n\t\t\t\t<div class=\"elementor-element elementor-element-5994383 elementor-widget elementor-widget-heading\" data-id=\"5994383\" data-element_type=\"widget\" data-widget_type=\"heading.default\">\n\t\t\t\t\t<h1 class=\"elementor-heading-title elementor-size-default\">Furst Ceremonial to firma, kt\u00f3ra z pe\u0142nym szacunkiem i najwy\u017csz\u0105 staranno\u015bci\u0105 wspiera rodziny w jednym z najtrudniejszych moment\u00f3w \u017cycia \u2014 organizacji transportu zw\u0142ok z zagranicy do Polski oraz pomi\u0119dzy krajami Europy i \u015bwiata.<\/h1>\t\t\t\t<\/div>\n\t\t\t\t<div class=\"elementor-element elementor-element-b52ea53 elementor-widget__width-initial elementor-widget elementor-widget-text-editor\" data-id=\"b52ea53\" data-element_type=\"widget\" data-widget_type=\"text-editor.default\">\n\t\t\t\t\t\t\t\t\t<p>Od lat pomagamy w bezpiecznym i godnym sprowadzeniu os\u00f3b zmar\u0142ych do miejsca wiecznego spoczynku. Doskonale rozumiemy, jak wiele emocji towarzyszy takim sytuacjom, dlatego przejmujemy na siebie wszystkie formalno\u015bci, umo\u017cliwiaj\u0105c rodzinom skupienie si\u0119 na po\u017cegnaniu bliskiej osoby.<\/p>\t\t\t\t\t\t\t\t<\/div>\n\t\t\t\t<\/div>\n\t\t\t\t\t<\/div>\n\t\t\t\t<\/div>\n\t\t\t\t<\/div>\n\t\t<div class=\"elementor-element elementor-element-55a15c8 e-con-full e-flex elementor-invisible e-con e-parent\" data-id=\"55a15c8\" data-element_type=\"container\" data-settings=\"{&quot;animation&quot;:&quot;fadeInUp&quot;}\">\n\t\t<div class=\"elementor-element elementor-element-0459a51 e-flex e-con-boxed e-con e-child\" data-id=\"0459a51\" data-element_type=\"container\">\n\t\t\t\t\t<div class=\"e-con-inner\">\n\t\t<div class=\"elementor-element elementor-element-3d3e1ae e-con-full e-flex e-con e-child\" data-id=\"3d3e1ae\" data-element_type=\"container\" data-settings=\"{&quot;background_background&quot;:&quot;classic&quot;}\">\n\t\t\t\t<div class=\"elementor-element elementor-element-5773e7b elementor-widget elementor-widget-heading\" data-id=\"5773e7b\" data-element_type=\"widget\" data-widget_type=\"heading.default\">\n\t\t\t\t\t<h2 class=\"elementor-heading-title elementor-size-default\">Kremacje <\/h2>\t\t\t\t<\/div>\n\t\t\t\t<div class=\"elementor-element elementor-element-b6545db elementor-widget__width-initial elementor-widget elementor-widget-text-editor\" data-id=\"b6545db\" data-element_type=\"widget\" data-widget_type=\"text-editor.default\">\n\t\t\t\t\t\t\t\t\t<p>Realizujemy kremacje z poszanowaniem godno\u015bci osoby zmar\u0142ej i w zgodzie z wol\u0105 rodziny.<\/p>\t\t\t\t\t\t\t\t<\/div>\n\t\t\t\t<\/div>\n\t\t<div class=\"elementor-element elementor-element-966c8db e-con-full e-flex e-con e-child\" data-id=\"966c8db\" data-element_type=\"container\" data-settings=\"{&quot;background_background&quot;:&quot;classic&quot;}\">\n\t\t\t\t<div class=\"elementor-element elementor-element-e3813ca elementor-widget elementor-widget-heading\" data-id=\"e3813ca\" data-element_type=\"widget\" data-widget_type=\"heading.default\">\n\t\t\t\t\t<h2 class=\"elementor-heading-title elementor-size-default\">Trumny i urny <\/h2>\t\t\t\t<\/div>\n\t\t\t\t<div class=\"elementor-element elementor-element-d4f2af4 elementor-widget__width-initial elementor-widget elementor-widget-text-editor\" data-id=\"d4f2af4\" data-element_type=\"widget\" data-widget_type=\"text-editor.default\">\n\t\t\t\t\t\t\t\t\t<p>Oferujemy szeroki wyb\u00f3r trumien i urn, spe\u0142niaj\u0105cych wymogi sanitarne i estetyczne.<\/p>\t\t\t\t\t\t\t\t<\/div>\n\t\t\t\t<\/div>\n\t\t<div class=\"elementor-element elementor-element-4221bb4 e-con-full e-flex e-con e-child\" data-id=\"4221bb4\" data-element_type=\"container\" data-settings=\"{&quot;background_background&quot;:&quot;classic&quot;}\">\n\t\t\t\t<div class=\"elementor-element elementor-element-048140c elementor-widget elementor-widget-heading\" data-id=\"048140c\" data-element_type=\"widget\" data-widget_type=\"heading.default\">\n\t\t\t\t\t<h2 class=\"elementor-heading-title elementor-size-default\">Transport zw\u0142ok z Polski <\/h2>\t\t\t\t<\/div>\n\t\t\t\t<div class=\"elementor-element elementor-element-175666a elementor-widget__width-initial elementor-widget elementor-widget-text-editor\" data-id=\"175666a\" data-element_type=\"widget\" data-widget_type=\"text-editor.default\">\n\t\t\t\t\t\t\t\t\t<p>Zapewniamy profesjonalny transport zw\u0142ok z Polski do innych kraj\u00f3w, zgodnie z obowi\u0105zuj\u0105cymi przepisami.<\/p>\t\t\t\t\t\t\t\t<\/div>\n\t\t\t\t<\/div>\n\t\t<div class=\"elementor-element elementor-element-07ed995 e-con-full e-flex e-con e-child\" data-id=\"07ed995\" data-element_type=\"container\" data-settings=\"{&quot;background_background&quot;:&quot;classic&quot;,&quot;animation&quot;:&quot;none&quot;}\">\n\t\t\t\t<div class=\"elementor-element elementor-element-4df7312 elementor-widget elementor-widget-heading\" data-id=\"4df7312\" data-element_type=\"widget\" data-widget_type=\"heading.default\">\n\t\t\t\t\t<h2 class=\"elementor-heading-title elementor-size-default\">Transport zw\u0142ok do Polski<\/h2>\t\t\t\t<\/div>\n\t\t\t\t<div class=\"elementor-element elementor-element-55b9743 elementor-widget__width-initial elementor-widget elementor-widget-text-editor\" data-id=\"55b9743\" data-element_type=\"widget\" data-widget_type=\"text-editor.default\">\n\t\t\t\t\t\t\t\t\t<p>Organizujemy bezpieczny i godny transport os\u00f3b zmar\u0142ych do Polski, zapewniaj\u0105c pe\u0142n\u0105 obs\u0142ug\u0119 formalno\u015bci.<\/p>\t\t\t\t\t\t\t\t<\/div>\n\t\t\t\t<\/div>\n\t\t\t\t\t<\/div>\n\t\t\t\t<\/div>\n\t\t\t\t<\/div>\n\t\t<div class=\"elementor-element elementor-element-f9135f0 e-con-full e-flex elementor-invisible e-con e-parent\" data-id=\"f9135f0\" data-element_type=\"container\" data-settings=\"{&quot;background_background&quot;:&quot;classic&quot;,&quot;animation&quot;:&quot;fadeIn&quot;}\">\n\t\t<div class=\"elementor-element elementor-element-af04a1e e-flex e-con-boxed e-con e-child\" data-id=\"af04a1e\" data-element_type=\"container\">\n\t\t\t\t\t<div class=\"e-con-inner\">\n\t\t<div class=\"elementor-element elementor-element-8bef6fb e-con-full e-flex e-con e-child\" data-id=\"8bef6fb\" data-element_type=\"container\">\n\t\t\t\t<div class=\"elementor-element elementor-element-8717ed4 elementor-widget elementor-widget-heading\" data-id=\"8717ed4\" data-element_type=\"widget\" data-widget_type=\"heading.default\">\n\t\t\t\t\t<h3 class=\"elementor-heading-title elementor-size-default\">Zapewniamy kompleksow\u0105 obs\u0142ug\u0119 mi\u0119dzynarodowego transportu zmar\u0142ych, obejmuj\u0105c\u0105:<\/h3>\t\t\t\t<\/div>\n\t\t\t\t<div class=\"elementor-element elementor-element-256fda5 elementor-widget__width-initial elementor-widget elementor-widget-text-editor\" data-id=\"256fda5\" data-element_type=\"widget\" data-widget_type=\"text-editor.default\">\n\t\t\t\t\t\t\t\t\t<ul><li><p>organizacj\u0119 transportu drogowego i lotniczego,<\/p><\/li><li><p>przygotowanie dokumentacji urz\u0119dowej i konsularnej,<\/p><\/li><li><p>wsp\u00f3\u0142prac\u0119 z zagranicznymi instytucjami oraz zak\u0142adami pogrzebowymi,<\/p><\/li><li><p>profesjonalne przygotowanie cia\u0142a zgodnie z obowi\u0105zuj\u0105cymi przepisami.<\/p><\/li><\/ul>\t\t\t\t\t\t\t\t<\/div>\n\t\t\t\t<div class=\"elementor-element elementor-element-cf223e7 elementor-align-center elementor-widget elementor-widget-button\" data-id=\"cf223e7\" data-element_type=\"widget\" data-widget_type=\"button.default\">\n\t\t\t\t\t\t\t\t\t\t<a class=\"elementor-button elementor-button-link elementor-size-sm\" href=\"\/de\/oferta\/\">\n\t\t\t\t\t\t<span class=\"elementor-button-content-wrapper\">\n\t\t\t\t\t\t\t\t\t<span class=\"elementor-button-text\">Sprawd\u017a nasz\u0105 ofert\u0119<\/span>\n\t\t\t\t\t<\/span>\n\t\t\t\t\t<\/a>\n\t\t\t\t\t\t\t\t<\/div>\n\t\t\t\t<\/div>\n\t\t\t\t\t<\/div>\n\t\t\t\t<\/div>\n\t\t\t\t<\/div>\n\t\t<div class=\"elementor-element elementor-element-32d19a6 e-con-full e-flex elementor-invisible e-con e-parent\" data-id=\"32d19a6\" data-element_type=\"container\" data-settings=\"{&quot;animation&quot;:&quot;fadeIn&quot;}\">\n\t\t<div class=\"elementor-element elementor-element-ecec769 e-flex e-con-boxed e-con e-child\" data-id=\"ecec769\" data-element_type=\"container\">\n\t\t\t\t\t<div class=\"e-con-inner\">\n\t\t<div class=\"elementor-element elementor-element-f8c35c4 e-con-full e-flex e-con e-child\" data-id=\"f8c35c4\" data-element_type=\"container\">\n\t\t\t\t<div class=\"elementor-element elementor-element-274a5a6 elementor-widget elementor-widget-image\" data-id=\"274a5a6\" data-element_type=\"widget\" data-widget_type=\"image.default\">\n\t\t\t\t\t\t\t\t\t\t\t\t\t\t\t<img decoding=\"async\" width=\"800\" height=\"534\" src=\"https:\/\/transport.przedprojekt.com.pl\/wp-content\/uploads\/2025\/12\/AdobeStock_550730288-1024x683.jpeg\" class=\"attachment-large size-large wp-image-59\" alt=\"\" srcset=\"https:\/\/transport.przedprojekt.com.pl\/wp-content\/uploads\/2025\/12\/AdobeStock_550730288-1024x683.jpeg 1024w, https:\/\/transport.przedprojekt.com.pl\/wp-content\/uploads\/2025\/12\/AdobeStock_550730288-300x200.jpeg 300w, https:\/\/transport.przedprojekt.com.pl\/wp-content\/uploads\/2025\/12\/AdobeStock_550730288-768x512.jpeg 768w, https:\/\/transport.przedprojekt.com.pl\/wp-content\/uploads\/2025\/12\/AdobeStock_550730288-1536x1024.jpeg 1536w, https:\/\/transport.przedprojekt.com.pl\/wp-content\/uploads\/2025\/12\/AdobeStock_550730288-800x533.jpeg 800w, https:\/\/transport.przedprojekt.com.pl\/wp-content\/uploads\/2025\/12\/AdobeStock_550730288.jpeg 1920w\" sizes=\"(max-width: 800px) 100vw, 800px\" \/>\t\t\t\t\t\t\t\t\t\t\t\t\t\t\t<\/div>\n\t\t\t\t<\/div>\n\t\t<div class=\"elementor-element elementor-element-c09bfe3 e-con-full e-flex e-con e-child\" data-id=\"c09bfe3\" data-element_type=\"container\">\n\t\t\t\t<div class=\"elementor-element elementor-element-6462e50 elementor-widget elementor-widget-heading\" data-id=\"6462e50\" data-element_type=\"widget\" data-widget_type=\"heading.default\">\n\t\t\t\t\t<h2 class=\"elementor-heading-title elementor-size-default\">Zaufanie i wsparcie w trudnych chwilach<\/h2>\t\t\t\t<\/div>\n\t\t\t\t<div class=\"elementor-element elementor-element-6a83679 elementor-widget__width-initial elementor-widget elementor-widget-text-editor\" data-id=\"6a83679\" data-element_type=\"widget\" data-widget_type=\"text-editor.default\">\n\t\t\t\t\t\t\t\t\t<p>Dzia\u0142amy ca\u0142odobowo, 7 dni w tygodniu, reaguj\u0105c szybko i skutecznie niezale\u017cnie od miejsca zdarzenia. Nasz zesp\u00f3\u0142 tworz\u0105 do\u015bwiadczeni specjali\u015bci, kt\u00f3rzy z empati\u0105 i dyskrecj\u0105 prowadz\u0105 ka\u017cd\u0105 spraw\u0119, dbaj\u0105c o najwy\u017csze standardy us\u0142ug.<\/p><p><strong>Furst Ceremonial<\/strong>\u00a0to zaufany partner w mi\u0119dzynarodowym transporcie zw\u0142ok \u2014 firma, kt\u00f3ra \u0142\u0105czy profesjonalizm, do\u015bwiadczenie i ludzkie podej\u015bcie. Jeste\u015bmy po to, aby pom\u00f3c Pa\u0144stwu przej\u015b\u0107 przez ten trudny czas z poczuciem bezpiecze\u0144stwa i wsparcia.<\/p>\t\t\t\t\t\t\t\t<\/div>\n\t\t\t\t<div class=\"elementor-element elementor-element-9272093 elementor-widget elementor-widget-button\" data-id=\"9272093\" data-element_type=\"widget\" data-widget_type=\"button.default\">\n\t\t\t\t\t\t\t\t\t\t<a class=\"elementor-button elementor-button-link elementor-size-sm\" href=\"\/de\/kontakt\/\">\n\t\t\t\t\t\t<span class=\"elementor-button-content-wrapper\">\n\t\t\t\t\t\t\t\t\t<span class=\"elementor-button-text\">Kontakt<\/span>\n\t\t\t\t\t<\/span>\n\t\t\t\t\t<\/a>\n\t\t\t\t\t\t\t\t<\/div>\n\t\t\t\t<\/div>\n\t\t\t\t\t<\/div>\n\t\t\t\t<\/div>\n\t\t\t\t<\/div>\n\t\t<div class=\"elementor-element elementor-element-821c593 e-con-full e-flex elementor-invisible e-con e-parent\" data-id=\"821c593\" data-element_type=\"container\" data-settings=\"{&quot;background_background&quot;:&quot;classic&quot;,&quot;animation&quot;:&quot;fadeInUp&quot;}\">\n\t\t<div class=\"elementor-element elementor-element-eaec65a e-flex e-con-boxed e-con e-child\" data-id=\"eaec65a\" data-element_type=\"container\">\n\t\t\t\t\t<div class=\"e-con-inner\">\n\t\t<div class=\"elementor-element elementor-element-4004a10 e-con-full e-flex e-con e-child\" data-id=\"4004a10\" data-element_type=\"container\">\n\t\t\t\t<div class=\"elementor-element elementor-element-d1cfe39 elementor-testimonial--skin-bubble elementor-testimonial--layout-image_stacked elementor-testimonial--align-center elementor-arrows-yes elementor-pagination-type-bullets elementor-widget elementor-widget-global elementor-global-502 elementor-widget-testimonial-carousel\" data-id=\"d1cfe39\" data-element_type=\"widget\" data-settings=\"{&quot;slides_per_view&quot;:&quot;3&quot;,&quot;slides_to_scroll&quot;:&quot;1&quot;,&quot;show_arrows&quot;:&quot;yes&quot;,&quot;pagination&quot;:&quot;bullets&quot;,&quot;speed&quot;:500,&quot;autoplay&quot;:&quot;yes&quot;,&quot;autoplay_speed&quot;:5000,&quot;loop&quot;:&quot;yes&quot;,&quot;pause_on_hover&quot;:&quot;yes&quot;,&quot;pause_on_interaction&quot;:&quot;yes&quot;,&quot;space_between&quot;:{&quot;unit&quot;:&quot;px&quot;,&quot;size&quot;:10,&quot;sizes&quot;:[]},&quot;space_between_tablet&quot;:{&quot;unit&quot;:&quot;px&quot;,&quot;size&quot;:10,&quot;sizes&quot;:[]},&quot;space_between_mobile&quot;:{&quot;unit&quot;:&quot;px&quot;,&quot;size&quot;:10,&quot;sizes&quot;:[]}}\" data-widget_type=\"testimonial-carousel.default\">\n\t\t\t\t\t\t\t\t\t\t<div class=\"elementor-main-swiper swiper\" role=\"region\" aria-roledescription=\"carousel\" aria-label=\"Slides\">\n\t\t\t\t<div class=\"swiper-wrapper\">\n\t\t\t\t\t\t\t\t\t\t\t<div class=\"swiper-slide\" role=\"group\" aria-roledescription=\"slide\">\n\t\t\t\t\t\t\t\t\t<div class=\"elementor-testimonial\">\n\t\t\t\t\t\t\t<div class=\"elementor-testimonial__content\">\n\t\t\t\t\t<div class=\"elementor-testimonial__text\">\n\t\t\t\t\t\tProfesjonalna obs\u0142uga i terminowe realizacje. Transport przebieg\u0142 bez \u017cadnych problem\u00f3w, a kontakt z firm\u0105 by\u0142 szybki i rzeczowy. Zdecydowanie polecam wsp\u00f3\u0142prac\u0119.\t\t\t\t\t<\/div>\n\t\t\t\t\t\t\t\t\t<\/div>\n\t\t\t\t\t\t<div class=\"elementor-testimonial__footer\">\n\t\t\t\t\t\t\t\t\t<div class=\"elementor-testimonial__image\">\n\t\t\t\t\t\t<img decoding=\"async\" src=\"https:\/\/transport.przedprojekt.com.pl\/wp-content\/plugins\/elementor\/assets\/images\/placeholder.png\" alt=\"Micha\u0142 Kowalski\">\n\t\t\t\t\t\t\t\t\t\t\t<\/div>\n\t\t\t\t\t\t\t\t<cite class=\"elementor-testimonial__cite\"><span class=\"elementor-testimonial__name\">Micha\u0142 Kowalski<\/span><\/cite>\t\t\t<\/div>\n\t\t<\/div>\n\t\t\t\t\t\t\t\t<\/div>\n\t\t\t\t\t\t\t\t\t\t\t<div class=\"swiper-slide\" role=\"group\" aria-roledescription=\"slide\">\n\t\t\t\t\t\t\t\t\t<div class=\"elementor-testimonial\">\n\t\t\t\t\t\t\t<div class=\"elementor-testimonial__content\">\n\t\t\t\t\t<div class=\"elementor-testimonial__text\">\n\t\t\t\t\t\tRzetelna firma transportowa, kt\u00f3ra dotrzymuje ustale\u0144. Towar dostarczony na czas i w nienaruszonym stanie. Na pewno skorzystamy ponownie.\t\t\t\t\t<\/div>\n\t\t\t\t\t\t\t\t\t<\/div>\n\t\t\t\t\t\t<div class=\"elementor-testimonial__footer\">\n\t\t\t\t\t\t\t\t\t<div class=\"elementor-testimonial__image\">\n\t\t\t\t\t\t<img decoding=\"async\" src=\"https:\/\/transport.przedprojekt.com.pl\/wp-content\/plugins\/elementor\/assets\/images\/placeholder.png\" alt=\"Anna Nowak\">\n\t\t\t\t\t\t\t\t\t\t\t<\/div>\n\t\t\t\t\t\t\t\t<cite class=\"elementor-testimonial__cite\"><span class=\"elementor-testimonial__name\">Anna Nowak<\/span><\/cite>\t\t\t<\/div>\n\t\t<\/div>\n\t\t\t\t\t\t\t\t<\/div>\n\t\t\t\t\t\t\t\t\t\t\t<div class=\"swiper-slide\" role=\"group\" aria-roledescription=\"slide\">\n\t\t\t\t\t\t\t\t\t<div class=\"elementor-testimonial\">\n\t\t\t\t\t\t\t<div class=\"elementor-testimonial__content\">\n\t\t\t\t\t<div class=\"elementor-testimonial__text\">\n\t\t\t\t\t\tBardzo dobra organizacja pracy i elastyczne podej\u015bcie do klienta. Wida\u0107 do\u015bwiadczenie i zaanga\u017cowanie zespo\u0142u na ka\u017cdym etapie realizacji zlecenia.\t\t\t\t\t<\/div>\n\t\t\t\t\t\t\t\t\t<\/div>\n\t\t\t\t\t\t<div class=\"elementor-testimonial__footer\">\n\t\t\t\t\t\t\t\t\t<div class=\"elementor-testimonial__image\">\n\t\t\t\t\t\t<img decoding=\"async\" src=\"https:\/\/transport.przedprojekt.com.pl\/wp-content\/plugins\/elementor\/assets\/images\/placeholder.png\" alt=\"Piotr Zieli\u0144ski\">\n\t\t\t\t\t\t\t\t\t\t\t<\/div>\n\t\t\t\t\t\t\t\t<cite class=\"elementor-testimonial__cite\"><span class=\"elementor-testimonial__name\">Piotr Zieli\u0144ski<\/span><\/cite>\t\t\t<\/div>\n\t\t<\/div>\n\t\t\t\t\t\t\t\t<\/div>\n\t\t\t\t\t\t\t\t\t\t\t<div class=\"swiper-slide\" role=\"group\" aria-roledescription=\"slide\">\n\t\t\t\t\t\t\t\t\t<div class=\"elementor-testimonial\">\n\t\t\t\t\t\t\t<div class=\"elementor-testimonial__content\">\n\t\t\t\t\t<div class=\"elementor-testimonial__text\">\n\t\t\t\t\t\tSolidny partner w transporcie krajowym i mi\u0119dzynarodowym. Szybkie reakcje na zapytania i pe\u0142en profesjonalizm kierowc\u00f3w.\t\t\t\t\t<\/div>\n\t\t\t\t\t\t\t\t\t<\/div>\n\t\t\t\t\t\t<div class=\"elementor-testimonial__footer\">\n\t\t\t\t\t\t\t\t\t<div class=\"elementor-testimonial__image\">\n\t\t\t\t\t\t<img decoding=\"async\" src=\"https:\/\/transport.przedprojekt.com.pl\/wp-content\/plugins\/elementor\/assets\/images\/placeholder.png\" alt=\"Tomasz Lewandowski\">\n\t\t\t\t\t\t\t\t\t\t\t<\/div>\n\t\t\t\t\t\t\t\t<cite class=\"elementor-testimonial__cite\"><span class=\"elementor-testimonial__name\">Tomasz Lewandowski<\/span><\/cite>\t\t\t<\/div>\n\t\t<\/div>\n\t\t\t\t\t\t\t\t<\/div>\n\t\t\t\t\t\t\t\t\t<\/div>\n\t\t\t\t\t\t\t\t\t\t\t\t\t\t\t<div class=\"elementor-swiper-button elementor-swiper-button-prev\" role=\"button\" tabindex=\"0\" aria-label=\"Previous\">\n\t\t\t\t\t\t\t<svg aria-hidden=\"true\" class=\"e-font-icon-svg e-eicon-chevron-left\" viewbox=\"0 0 1000 1000\" xmlns=\"http:\/\/www.w3.org\/2000\/svg\"><path d=\"M646 125C629 125 613 133 604 142L308 442C296 454 292 471 292 487 292 504 296 521 308 533L604 854C617 867 629 875 646 875 663 875 679 871 692 858 704 846 713 829 713 812 713 796 708 779 692 767L438 487 692 225C700 217 708 204 708 187 708 171 704 154 692 142 675 129 663 125 646 125Z\"><\/path><\/svg>\t\t\t\t\t\t<\/div>\n\t\t\t\t\t\t<div class=\"elementor-swiper-button elementor-swiper-button-next\" role=\"button\" tabindex=\"0\" aria-label=\"Next\">\n\t\t\t\t\t\t\t<svg aria-hidden=\"true\" class=\"e-font-icon-svg e-eicon-chevron-right\" viewbox=\"0 0 1000 1000\" xmlns=\"http:\/\/www.w3.org\/2000\/svg\"><path d=\"M696 533C708 521 713 504 713 487 713 471 708 454 696 446L400 146C388 133 375 125 354 125 338 125 325 129 313 142 300 154 292 171 292 187 292 204 296 221 308 233L563 492 304 771C292 783 288 800 288 817 288 833 296 850 308 863 321 871 338 875 354 875 371 875 388 867 400 854L696 533Z\"><\/path><\/svg>\t\t\t\t\t\t<\/div>\n\t\t\t\t\t\t\t\t\t\t\t\t\t\t\t\t<div class=\"swiper-pagination\"><\/div>\n\t\t\t\t\t\t\t\t\t\t\t\t<\/div>\n\t\t\t\t\t\t\t\t<\/div>\n\t\t\t\t<\/div>\n\t\t\t\t\t<\/div>\n\t\t\t\t<\/div>\n\t\t\t\t<\/div>\n\t\t\t\t<\/div>","protected":false},"excerpt":{"rendered":"<p>Wykonaj pierwszy krok &#8211; wype\u0142nij formularz! Kontakt Furst Ceremonial to firma, kt\u00f3ra z pe\u0142nym szacunkiem i najwy\u017csz\u0105 staranno\u015bci\u0105 wspiera rodziny w jednym z najtrudniejszych moment\u00f3w \u017cycia \u2014 organizacji transportu zw\u0142ok z zagranicy do Polski oraz pomi\u0119dzy krajami Europy i \u015bwiata. Od lat pomagamy w bezpiecznym i godnym sprowadzeniu os\u00f3b zmar\u0142ych do miejsca wiecznego spoczynku. Doskonale [&hellip;]<\/p>","protected":false},"author":1,"featured_media":0,"parent":0,"menu_order":0,"comment_status":"closed","ping_status":"closed","template":"","meta":{"footnotes":""},"class_list":["post-309","page","type-page","status-publish","hentry"],"_links":{"self":[{"href":"https:\/\/transport.przedprojekt.com.pl\/de\/wp-json\/wp\/v2\/pages\/309","targetHints":{"allow":["GET"]}}],"collection":[{"href":"https:\/\/transport.przedprojekt.com.pl\/de\/wp-json\/wp\/v2\/pages"}],"about":[{"href":"https:\/\/transport.przedprojekt.com.pl\/de\/wp-json\/wp\/v2\/types\/page"}],"author":[{"embeddable":true,"href":"https:\/\/transport.przedprojekt.com.pl\/de\/wp-json\/wp\/v2\/users\/1"}],"replies":[{"embeddable":true,"href":"https:\/\/transport.przedprojekt.com.pl\/de\/wp-json\/wp\/v2\/comments?post=309"}],"version-history":[{"count":19,"href":"https:\/\/transport.przedprojekt.com.pl\/de\/wp-json\/wp\/v2\/pages\/309\/revisions"}],"predecessor-version":[{"id":507,"href":"https:\/\/transport.przedprojekt.com.pl\/de\/wp-json\/wp\/v2\/pages\/309\/revisions\/507"}],"wp:attachment":[{"href":"https:\/\/transport.przedprojekt.com.pl\/de\/wp-json\/wp\/v2\/media?parent=309"}],"curies":[{"name":"wp","href":"https:\/\/api.w.org\/{rel}","templated":true}]}}